{"id":1887,"date":"2023-02-27T11:09:55","date_gmt":"2023-02-27T10:09:55","guid":{"rendered":"https:\/\/bellafiume.com\/want-to-work-with-us\/"},"modified":"2026-02-13T12:17:55","modified_gmt":"2026-02-13T11:17:55","slug":"zelite-raditi-s-nama","status":"publish","type":"page","link":"https:\/\/bellafiume.com\/hr\/zelite-raditi-s-nama\/","title":{"rendered":"\u017delite li raditi s nama?"},"content":{"rendered":"\n<div class=\"wp-block-columns has-2-columns is-layout-flex wp-container-core-columns-is-layout-9d6595d7 wp-block-columns-is-layout-flex\">\n<div class=\"wp-block-column is-layout-flow wp-block-column-is-layout-flow\">\n<div class=\"wp-block-getwid-section\"><div class=\"wp-block-getwid-section__wrapper getwid-padding-top-none getwid-padding-bottom-none getwid-padding-left-none getwid-padding-mobile-right-none\" style=\"padding-right:35px\"><div class=\"wp-block-getwid-section__inner-wrapper\"><div class=\"wp-block-getwid-section__background-holder\"><div class=\"wp-block-getwid-section__background\"><\/div><div class=\"wp-block-getwid-section__foreground\"><\/div><\/div><div class=\"wp-block-getwid-section__content\"><div class=\"wp-block-getwid-section__inner-content\">\n<figure class=\"wp-block-image size-large\"><img decoding=\"async\" src=\"https:\/\/rent-fiume.croator.hr\/wp-content\/uploads\/2023\/04\/Rijeka-1-805x1024.jpg\" alt=\"\" class=\"wp-image-1695\"\/><\/figure>\n\n\n\n<div class=\"wp-block-getwid-advanced-heading\" style=\"margin-bottom:10px\"><h4 class=\"wp-block-getwid-advanced-heading__content\">Bella Fiume tu je za vas<\/h4><\/div>\n\n\n\n<div class=\"wp-block-getwid-advanced-heading has-custom-font-size\" style=\"font-size:14px;margin-bottom:15px\"><span class=\"wp-block-getwid-advanced-heading__content\" style=\"font-style:italic\">Sura\u0111ujte s nama i iskusite najbolju <strong>uslugu upravljanja nekretninama i iznajmljivanje bez muke<\/strong>. Ponosimo se izlaganjem <strong>najluksuznijih nekretnina na Kvarneru globalnoj klijenteli<\/strong>, osiguravaju\u0107i da va\u0161e nekretnine &#8211; bilo za prodaju ili iznajmljivanje &#8211; <strong>do\u0111u do idealnog tr\u017ei\u0161ta<\/strong>. Rade\u0107i s nama, imat \u0107ete koristi od <strong>jednostavnog upravljanja imovinom, pove\u0107ane vidljivosti<\/strong> koja dovodi do ve\u0107ih stopa popunjenosti za iznajmljivanje i <strong>konstantno rastu\u0107eg toka prihoda<\/strong>. Dopustite nama da mi rije\u0161imo pote\u0161ko\u0107e kako biste vi mogli u\u017eivati \u200b\u200bu nagradama.<\/span><\/div>\n<\/div><\/div><\/div><\/div><\/div>\n<\/div>\n\n\n\n<div class=\"wp-block-column is-layout-flow wp-block-column-is-layout-flow\">\n<div class=\"wp-block-getwid-section\"><div class=\"wp-block-getwid-section__wrapper getwid-padding-top-none getwid-padding-bottom-none getwid-padding-right-none getwid-padding-mobile-left-none\" style=\"padding-left:35px\"><div class=\"wp-block-getwid-section__inner-wrapper\"><div class=\"wp-block-getwid-section__background-holder\"><div class=\"wp-block-getwid-section__background\"><\/div><div class=\"wp-block-getwid-section__foreground\"><\/div><\/div><div class=\"wp-block-getwid-section__content\"><div class=\"wp-block-getwid-section__inner-content\">\n<div class=\"wp-block-getwid-advanced-heading\" style=\"margin-bottom:30px\"><h2 class=\"wp-block-getwid-advanced-heading__content\">Udru\u017eite se s nama i unaprijedite svoj posao iznajmljivanja<\/h2><\/div>\n\n\n\n<p>Jeste li vlasnik nekretnine koji \u017eeli <strong>maksimalno pove\u0107ati prihod od najma ali i pove\u0107ati vidljivost svog smje\u0161taja<\/strong>? Mo\u017eda \u017eelite prodati svoj smje\u0161taj ili vam je potrebna agencija koja pokriva<strong> cjelokupno upravljanje va\u0161om nekretninom za iznajmljivanje<\/strong>?<\/p>\n\n\n\n<div style=\"height:35px\" aria-hidden=\"true\" class=\"wp-block-spacer\"><\/div>\n\n\n\n<figure class=\"wp-block-image size-full\"><img decoding=\"async\" src=\"https:\/\/rent-fiume.croator.hr\/wp-content\/uploads\/2023\/04\/Rijeka-2.jpg\" alt=\"\" class=\"wp-image-1697\"\/><\/figure>\n<\/div><\/div><\/div><\/div><\/div>\n<\/div>\n<\/div>\n\n\n\n<hr class=\"wp-block-separator has-css-opacity is-style-wide\"\/>\n\n\n\n<div style=\"height:42px\" aria-hidden=\"true\" class=\"wp-block-spacer\"><\/div>\n\n\n\n<div class=\"wp-block-columns has-2-columns is-layout-flex wp-container-core-columns-is-layout-9d6595d7 wp-block-columns-is-layout-flex\">\n<div class=\"wp-block-column is-layout-flow wp-block-column-is-layout-flow\">\n<div class=\"wp-block-columns has-2-columns is-layout-flex wp-container-core-columns-is-layout-9d6595d7 wp-block-columns-is-layout-flex\">\n<div class=\"wp-block-column is-layout-flow wp-block-column-is-layout-flow\">\n<figure class=\"wp-block-image size-medium\"><img loading=\"lazy\" decoding=\"async\" width=\"225\" height=\"300\" src=\"https:\/\/bellafiume.com\/wp-content\/uploads\/2023\/02\/Rijeka-225x300.jpg\" alt=\"\" class=\"wp-image-1349\" srcset=\"https:\/\/bellafiume.com\/wp-content\/uploads\/2023\/02\/Rijeka-225x300.jpg 225w, https:\/\/bellafiume.com\/wp-content\/uploads\/2023\/02\/Rijeka-768x1024.jpg 768w, https:\/\/bellafiume.com\/wp-content\/uploads\/2023\/02\/Rijeka-1152x1536.jpg 1152w, https:\/\/bellafiume.com\/wp-content\/uploads\/2023\/02\/Rijeka-892x1190.jpg 892w, https:\/\/bellafiume.com\/wp-content\/uploads\/2023\/02\/Rijeka.jpg 1280w\" sizes=\"auto, (max-width: 225px) 100vw, 225px\" \/><\/figure>\n\n\n\n<div class=\"wp-block-getwid-advanced-heading has-custom-font-size\" style=\"font-size:14px\"><span class=\"wp-block-getwid-advanced-heading__content\" style=\"font-style:italic;padding-right:20px\">Iskori\u0161tavaju\u0107i na\u0161e razumijevanje odnosa s gostima i lokalne uvide, va\u0161oj nekretnini <strong>pru\u017eamo jasnu prednost<\/strong> koja joj je potrebna da bi se <strong>istaknula<\/strong>. Na\u0161a stru\u010dnost u upravljanju nekretninama osigurava da <strong>se va\u0161 smje\u0161taj isti\u010de, privla\u010de\u0107i zahtjevne goste i pove\u0107avaju\u0107i stope popunjenosti.<\/strong><\/span><\/div>\n<\/div>\n\n\n\n<div class=\"wp-block-column is-layout-flow wp-block-column-is-layout-flow\">\n<div class=\"wp-block-getwid-advanced-spacer getwid-hide-mobile\" style=\"height:45px\" aria-hidden=\"true\"><\/div>\n\n\n\n<div class=\"wp-block-getwid-advanced-heading has-custom-font-size\" style=\"font-size:14px;margin-bottom:20px\"><span class=\"wp-block-getwid-advanced-heading__content\" style=\"font-style:italic;padding-left:20px\"><strong>Ispunite obrazac<\/strong> za kontakt i \u010dlan na\u0161eg tima \u0107e vas kontaktirati kako bismo razgovarali <strong>o sljede\u0107im koracima.<\/strong><\/span><\/div>\n\n\n\n<figure class=\"wp-block-image size-medium\"><img loading=\"lazy\" decoding=\"async\" width=\"225\" height=\"300\" src=\"https:\/\/bellafiume.com\/wp-content\/uploads\/2023\/02\/Opatija-1-225x300.jpg\" alt=\"\" class=\"wp-image-1295\" srcset=\"https:\/\/bellafiume.com\/wp-content\/uploads\/2023\/02\/Opatija-1-225x300.jpg 225w, https:\/\/bellafiume.com\/wp-content\/uploads\/2023\/02\/Opatija-1-768x1024.jpg 768w, https:\/\/bellafiume.com\/wp-content\/uploads\/2023\/02\/Opatija-1-1152x1536.jpg 1152w, https:\/\/bellafiume.com\/wp-content\/uploads\/2023\/02\/Opatija-1-892x1189.jpg 892w, https:\/\/bellafiume.com\/wp-content\/uploads\/2023\/02\/Opatija-1.jpg 1281w\" sizes=\"auto, (max-width: 225px) 100vw, 225px\" \/><\/figure>\n<\/div>\n<\/div>\n<\/div>\n\n\n\n<div class=\"wp-block-column is-layout-flow wp-block-column-is-layout-flow\">\n<div class=\"wp-block-getwid-section\"><div class=\"wp-block-getwid-section__wrapper getwid-padding-top-none getwid-padding-bottom-none getwid-padding-mobile-left-none\" style=\"padding-left:70px\"><div class=\"wp-block-getwid-section__inner-wrapper\"><div class=\"wp-block-getwid-section__background-holder\"><div class=\"wp-block-getwid-section__background\"><\/div><div class=\"wp-block-getwid-section__foreground\"><\/div><\/div><div class=\"wp-block-getwid-section__content\"><div class=\"wp-block-getwid-section__inner-content\">\n<div class=\"wp-block-getwid-advanced-heading\" style=\"margin-bottom:30px\"><h2 class=\"wp-block-getwid-advanced-heading__content\">Kontaktirajte nas<\/h2><\/div>\n\n\n\n<p>Iskusite razliku koju <strong>na\u0161 predani tim mo\u017ee napraviti u podr\u0161ci i upravljanju va\u0161om imovinom<\/strong>.<\/p>\n\n\n\n<div class=\"wp-block-getwid-advanced-spacer\" style=\"height:20px\" aria-hidden=\"true\"><\/div>\n\n\n        <div class=\"wp-block-getwid-contact-form\" >\n            <form class='wp-block-getwid-contact-form__form'>\n    \n        <p class='wp-block-getwid-field-name is-style-half-width'>\n\t    <label\n        for='name-69d06c411500b'\n        class='wp-block-getwid-field-name__label'\n    >Va\u0161e ime<\/label>\n\t    <input id='name-69d06c411500b' type='text' name='name'            placeholder='Upi\u0161ite ime'             required=''\n            \/>\n<\/p>\n\n\n        <p class='wp-block-getwid-field-email is-style-half-width'>\n\t    <label\n\t\tfor='email-69d06c411548f'\n        class='wp-block-getwid-field-email__label'\n    >Va\u0161 e-mail<\/label>\n\t    <input id='email-69d06c411548f' type='email' name='email'             placeholder='Upi\u0161ite email'             required=''    \/>\n<\/p>\n\n\n        <p class='wp-block-getwid-field-textarea'>\n\t    <label\n\t\tfor='message-69d06c41155a6'\n        class='wp-block-getwid-field-textarea__label'\n    >Va\u0161a poruka<\/label>\n\t    <textarea\n\t\tid='message-69d06c41155a6' rows='5' name='message'            placeholder='Upi\u0161ite svoju poruku za nas'            required=''\n            ><\/textarea>\n<\/p>\n\n\n    <input name='subject' \t\ttype='hidden'\n\t\/>\n\n\t<p class='wp-block-getwid-contact-form__result'><\/p>\n\n\t<div class='wp-block-getwid-contact-form__submit'>\n\t\t<div class='wp-block-button'>\n\t\t\t<button\n\t\t\t\ttype='submit'\n\t\t\t\tclass='wp-block-button__link '\t\t\t\t\tstyle=''\t\t\t>Po\u0161alji poruku<\/button>\n\t\t<\/div>\n\n\t<\/div>\n<\/form>\n        <\/div><\/div><\/div><\/div><\/div><\/div>\n<\/div>\n<\/div>\n","protected":false},"excerpt":{"rendered":"<p>Ponosimo se izlaganjem najluksuznijih nekretnina na Kvarneru globalnoj klijenteli, osiguravaju\u0107i da va\u0161e nekretnine &#8211; bilo za prodaju ili iznajmljivanje &#8211; do\u0111u do idealnog tr\u017ei\u0161ta. Dopustite nama da rije\u0161imo slo\u017eenosti kako biste mogli u\u017eivati \u200b\u200bu nagradama.<\/p>\n","protected":false},"author":1,"featured_media":1867,"parent":0,"menu_order":0,"comment_status":"closed","ping_status":"closed","template":"template-wide-page.php","meta":{"inline_featured_image":false,"footnotes":""},"yst_prominent_words":[],"class_list":["post-1887","page","type-page","status-publish","has-post-thumbnail","hentry"],"_links":{"self":[{"href":"https:\/\/bellafiume.com\/hr\/wp-json\/wp\/v2\/pages\/1887","targetHints":{"allow":["GET"]}}],"collection":[{"href":"https:\/\/bellafiume.com\/hr\/wp-json\/wp\/v2\/pages"}],"about":[{"href":"https:\/\/bellafiume.com\/hr\/wp-json\/wp\/v2\/types\/page"}],"author":[{"embeddable":true,"href":"https:\/\/bellafiume.com\/hr\/wp-json\/wp\/v2\/users\/1"}],"replies":[{"embeddable":true,"href":"https:\/\/bellafiume.com\/hr\/wp-json\/wp\/v2\/comments?post=1887"}],"version-history":[{"count":9,"href":"https:\/\/bellafiume.com\/hr\/wp-json\/wp\/v2\/pages\/1887\/revisions"}],"predecessor-version":[{"id":2070,"href":"https:\/\/bellafiume.com\/hr\/wp-json\/wp\/v2\/pages\/1887\/revisions\/2070"}],"wp:featuredmedia":[{"embeddable":true,"href":"https:\/\/bellafiume.com\/hr\/wp-json\/wp\/v2\/media\/1867"}],"wp:attachment":[{"href":"https:\/\/bellafiume.com\/hr\/wp-json\/wp\/v2\/media?parent=1887"}],"wp:term":[{"taxonomy":"yst_prominent_words","embeddable":true,"href":"https:\/\/bellafiume.com\/hr\/wp-json\/wp\/v2\/yst_prominent_words?post=1887"}],"curies":[{"name":"wp","href":"https:\/\/api.w.org\/{rel}","templated":true}]}}