{"id":1886,"date":"2019-08-20T12:22:58","date_gmt":"2019-08-20T10:22:58","guid":{"rendered":"https:\/\/bellafiume.com\/terms-conditions\/"},"modified":"2023-06-06T17:27:02","modified_gmt":"2023-06-06T15:27:02","slug":"uvjeti-koristenja","status":"publish","type":"page","link":"https:\/\/bellafiume.com\/hr\/uvjeti-koristenja\/","title":{"rendered":"Uvjeti kori\u0161tenja"},"content":{"rendered":"\n<p>Sadr\u017eaj na web stranicama HTTPS:\/\/BELLAFIUME.COM\/ za\u0161ti\u0107en je autorskim pravima. Neovla\u0161teno kori\u0161tenje bilo kojeg dijela web stranica HTTPS:\/\/BELLAFIUME.COM\/, bez dozvole vlasnika autorskih prava, smatra se kr\u0161enjem autorskih prava i podlo\u017eno je tu\u017ebi. Dokumenti, podaci i informacije objavljeni na web stranicama HTTPS:\/\/BELLAFIUME.COM\/ ne smiju se reproducirati, distribuirati ili na bilo koji na\u010din koristiti u komercijalne svrhe bez izri\u010ditog pristanka VLASNIK FIRME (dalje u tekstu: BELLA FIUME D.O.O. ) ili na bilo koji na\u010din koji mo\u017ee uzrokovati \u0161tetu udruzi ili bilo kojoj tre\u0107oj strani. <\/p>\n\n\n\n<p>Dokumenti, podaci i informacije objavljeni na ovim web stranicama mogu se koristiti samo za individualne potrebe korisnika uz po\u0161tivanje svih autorskih i vlasni\u010dkih prava te prava tre\u0107ih osoba. Kori\u0161tenjem sadr\u017eaja ovih web stranica korisnik prihva\u0107a (i) sve rizike koji nastaju iz kori\u0161tenja ovih web stranica te prihva\u0107a (i) koristiti sadr\u017eaj ovih web stranica isklju\u010divo za osobnu uporabu i na vlastitu odgovornost. Udruga se u potpunosti odri\u010de svake odgovornosti (i) koja na bilo koji na\u010din mo\u017ee nastati iz, ili je na bilo koji na\u010din vezana za kori\u0161tenje ovih web stranica, (i) za bilo koje radnje korisnika uporabom ili zlouporabom sadr\u017eaja ovih web stranica, te za (i) bilo kakvu \u0161tetu koja mo\u017ee nastati korisniku ili bilo kojoj tre\u0107oj strani u vezi s uporabom ili zlouporabom kori\u0161tenja sadr\u017eaja ovih web stranica. Ove web stranice sadr\u017ee i dokumente, podatke, informacije kao i veze do drugih Internet stranica kreiranih od strane tre\u0107ih osoba koje \u0107e se, kad god je to mogu\u0107e, kao takve ozna\u010davati. BELLA FIUME D.O.O. nema nadzor nad navedenim dokumentima, podacima, informacijama ili drugim Internet stranicama uop\u0107e te se u potpunosti odri\u010de svake odgovornosti, uklju\u010duju\u0107i ali ne ograni\u010deno na to\u010dnost, potpunost i dostupnost sadr\u017eaju na Internet stranicama kreiranim od strane tre\u0107ih osoba. <\/p>\n\n\n\n<p>Web stranice HTTPS:\/\/BELLAFIUME.COM\/ koriste tzv. kola\u010di\u0107e (eng. \u2018cookies\u2019) kako bi se korisniku mogla besplatno pru\u017eiti usluga s potpunim funkcionalnostima i \u0161to kvalitetnijim sadr\u017eajem. Kola\u010di\u0107i predstavljaju skup podataka koje generira poslu\u017eitelj web stranica i koje web preglednik sprema na disk korisnika u obliku male tekstualne datoteke. <\/p>\n\n\n\n<p>Sesijski kola\u010di\u0107 postavlja se na ra\u010dunalo korisnika web stranica HTTPS:\/\/BELLAFIUME.COM\/ samo za vrijeme trajanja njegovog posjeta ovim web stranicama te se korisniku na taj na\u010din omogu\u0107uje da se u\u010dinkovitije slu\u017ei web stranicama HTTPS:\/\/BELLAFIUME.COM\/ i automatski istje\u010de kada zatvori svoj preglednik. Osim toga, web stranice HTTPS:\/\/BELLAFIUME.COM\/ prate statisti\u010dku posje\u0107enost isklju\u010divo radi dobivanja nu\u017ene informacije o privla\u010dnosti i uspje\u0161nosti svojih stranica na tr\u017ei\u0161tu i pritom se koristi usluga tre\u0107e strane pod nazivom Google Analytics. <\/p>\n\n\n\n<p>Detaljne informacije tre\u0107e strane o ovoj usluzi, kao i o mogu\u0107nostima korisnika web stranica HTTPS:\/\/BELLAFIUME.COM\/u vezi s regulacijom kola\u010di\u0107a koji su za isto nu\u017eni, dostupne su na: http:\/\/www.google.com\/intl\/en\/analytics\/privacyoverview.html. Korisnik web stranica HTTPS:\/\/BELLAFIUME.COM\/ uvijek mo\u017ee samostalno regulirati primanje kola\u010di\u0107a putem postavki svojeg web-preglednika. Obrt isklju\u010duje svaku odgovornost za bilo kakav gubitak funkcionalnosti i\/ili kvalitete sadr\u017eaja web stranica u svim slu\u010dajevima odabira regulacije primanja kola\u010di\u0107a od strane korisnika. Kori\u0161tenjem web stranica HTTPS:\/\/BELLAFIUME.COM\/ smatra se da su korisnici u svakom trenutku upoznati i suglasni s ovim uvjetima kori\u0161tenja, uklju\u010duju\u0107i s odredbama o obradi podataka i mogu\u0107nostima u vezi s kola\u010di\u0107ima. BELLA FIUME D.O.O. se obvezuje po\u0161tivati anonimnost i privatnost korisnika ovih web stranica. BELLA FIUME D.O.O. mo\u017ee prikupljati osobne podatke korisnika, kao \u0161to su ime, adresa, telefonski broj ili e-mail adresa samo ako iste korisnik dobrovoljno dostavi BELLA FIUME D.O.O.. <\/p>\n\n\n\n<p>Udruga \u0107e navedene podatke koristiti isklju\u010divo u svrhu \u0161to boljeg uvida i razumijevanja pojedina\u010dnih potreba i zahtjeva korisnika kao i razvijanja mogu\u0107nosti \u0161to kvalitetnijeg pru\u017eanja svih usluga udruzi na zadovoljstvo korisnika. BELLA FIUME D.O.O. se obvezuje da navedene podatke ne\u0107e u\u010diniti dostupnim bilo kojoj tre\u0107oj strani bez izri\u010ditog pristanka korisnika. BELLA FIUME D.O.O. zadr\u017eava pravo izmjene sadr\u017eaja ovih web stranica te ne\u0107e biti odgovoran ni za kakve mogu\u0107e posljedice proiza\u0161le iz takvih promjena. BELLA FIUME D.O.O. zadr\u017eava pravo izmjene ovih uvjeta kori\u0161tenja. O svakoj promjeni ovih uvjeta kori\u0161tenja korisnici \u0107e biti na odgovaraju\u0107i na\u010din i pravovremeno obavije\u0161teni. <\/p>\n\n\n\n<p>Izmjene ovih uvjeta kori\u0161tenja stupaju na snagu s datumom njihove objave na web stranicama HTTPS:\/\/BELLAFIUME.COM\/. Tko smo mi? <\/p>\n\n\n\n<p>Na\u0161a web stranica je HTTPS:\/\/BELLAFIUME.COM\/. Vi\u0161e informacije \u010dim se bavimo mo\u017eete prona\u0107i na web stranici. Podatci o lokaciji Vlasnik: VLASNIK FIRME ANTE KOVA\u010cI\u0106A 24 51000 RIJEKA OIB: 89990379912 INFO@BELLAFIUME.COM <\/p>\n\n\n\n<p>Obavijest o kori\u0161tenju web stranica <\/p>\n\n\n\n<p>Kori\u0161tenjem internet stranice potvr\u0111ujete da ste upoznati i suglasni s ispod navedenim uvjetima. Ukoliko se s uvjetima ne sla\u017eete, molimo Vas da napustite stranice obrta \u2013 HTTPS:\/\/BELLAFIUME.COM\/. BELLA FIUME D.O.O. pridr\u017eava prava do promjene uvjeta na internet stranici HTTPS:\/\/BELLAFIUME.COM\/ u bilo kojem trenutku, bez prethodne obavijesti. Primjedbe i prigovori U skladu sa Zakonom o za\u0161titi potro\u0161a\u010da, kupac mo\u017ee podnijeti pismenu pritu\u017ebu prodavatelju na INFO@BELLAFIUME.COM. <\/p>\n\n\n\n<p>Na sve va\u0161e primjedbe i prigovore odgovoriti \u0107emo u najkra\u0107em mogu\u0107em roku. Izvansudsko rje\u0161avanje potro\u0161a\u010dkih sporova U slu\u010daju spora izme\u0111u Kupca i Prodavatelja, mo\u017ee se podnijeti prijava Sudu \u010dasti Hrvatske gospodarske komore, Sudu \u010dasti Hrvatske obrtni\u010dke komore ili prijedlog za mirenje pri centrima za mirenje. Postupak pred sudovima \u010dasti provodi se sukladno Pravilniku o Sudu \u010dasti pri Hrvatskoj gospodarskoj komori i Pravilniku Suda \u010dasti pri Hrvatskoj obrtni\u010dkoj komori kojima se propisuje da su \u010dlanovi vije\u0107a tih sudova, osim nezavisnih pravnih stru\u010dnjaka i predstavnika trgovaca, i predstavnici potro\u0161a\u010da. Mirenje pred centrom za mirenje provodi se sukladno odredbama Zakona o mirenju, te sukladno Pravilniku o mirenju centra za mirenje. Hrvatska gospodarska komora i Hrvatska obrtni\u010dka komora \u0107e uz suglasnost ministra nadle\u017enog za za\u0161titu potro\u0161a\u010da donijeti odluke o tro\u0161kovima u postupcima pred Sudom \u010dasti Hrvatske gospodarske komore i Sudom \u010dasti Hrvatske obrtni\u010dke komore.\u201d Izjava o privatnosti i registraciji Prilikom registracije potrebno je unijeti tra\u017eene podatke (ime, prezime, telefon, e-mail, lozinku\u2026). <\/p>\n\n\n\n<p>Registracija je mogu\u0107a tek nakon \u0161to su svi potrebni podaci upisani u bazu, a za svako daljnje kori\u0161tenje usluge potrebno je upisati samo korisni\u010dko ime i lozinku. Korisnik snosi odgovornost za to\u010dnost i potpunost unesenih podataka prilikom registracije. Ukoliko korisnik ima pote\u0161ko\u0107e prilikom registracije ili prijave ili ako do\u0111e do bilo kakve promjene podataka, koje je korisnik unio prilikom registracije, po\u017eeljno je da u \u0161to kra\u0107em roku a\u017eurira svoj korisni\u010dki ra\u010dun, ili o promjeni obavijesti HTTPS:\/\/BELLAFIUME.COM\/ na e-mail adresu INFO@BELLAFIUME.COM. <\/p>\n\n\n\n<p>Pravila privatnosti, za\u0161tita osobnih podataka i ostale informacije BELLA FIUME D.O.O. po\u0161tuje va\u0161e pravo do privatnosti i nastoji osigurati najvi\u0161u razinu za\u0161tite va\u0161ih osobnih podataka. U pru\u017eanju na\u0161ih usluga putem ove stranice du\u017eni smo postupati u skladu sa zakonima i propisima koji definiraju za\u0161titu osobnih podataka. BELLA FIUME D.O.O. se obvezuje da \u0107e prikupljene podatke, koje \u0107ete dostaviti putem internetske stranice, koristiti u skladu s namjenom za koju ste nam ih povjerili isklju\u010divo uz va\u0161e dopu\u0161tenje. U skladu s op\u0107om uredbom o za\u0161titi osobnih podataka (GDPR), udruga se obvezuje informirati kupce o na\u010dinu kori\u0161tenja prikupljenih podataka, redovito davati kupcima mogu\u0107nost izbora o upotrebi njihovih podataka, uklju\u010duju\u0107i mogu\u0107nost odluke \u017eele li oni ili ne da se njihovo ime ukloni s newsletter popisa pretplatnika ili s lista kupaca \u010diji se podaci koriste u marketin\u0161ke svrhe odnosno za internu statisti\u010dku obradu. <\/p>\n\n\n\n<p>Svi se podaci o korisnicima strogo \u010duvaju i dostupni su samo djelatnicima kojima su ti podaci nu\u017eni za obavljanje posla. Svi podaci se \u010duvaju u Republici Hrvatskoj. Svi djelatnici udruge i poslovni partneri odgovorni su za po\u0161tivanje na\u010dela za\u0161tite privatnosti.<\/p>\n","protected":false},"excerpt":{"rendered":"<p>Sadr\u017eaj na web stranicama HTTPS:\/\/BELLAFIUME.COM\/ za\u0161ti\u0107en je autorskim pravima. Neovla\u0161teno kori\u0161tenje bilo kojeg dijela web stranica HTTPS:\/\/BELLAFIUME.COM\/, bez dozvole vlasnika autorskih prava, smatra se kr\u0161enjem autorskih prava i podlo\u017eno je tu\u017ebi. Dokumenti, podaci i informacije objavljeni na web stranicama HTTPS:\/\/BELLAFIUME.COM\/ ne smiju se reproducirati, distribuirati ili na bilo koji na\u010din koristiti u komercijalne svrhe bez [&hellip;]<\/p>\n","protected":false},"author":1,"featured_media":1867,"parent":0,"menu_order":0,"comment_status":"closed","ping_status":"closed","template":"","meta":{"inline_featured_image":false,"footnotes":""},"yst_prominent_words":[],"class_list":["post-1886","page","type-page","status-publish","has-post-thumbnail","hentry"],"_links":{"self":[{"href":"https:\/\/bellafiume.com\/hr\/wp-json\/wp\/v2\/pages\/1886","targetHints":{"allow":["GET"]}}],"collection":[{"href":"https:\/\/bellafiume.com\/hr\/wp-json\/wp\/v2\/pages"}],"about":[{"href":"https:\/\/bellafiume.com\/hr\/wp-json\/wp\/v2\/types\/page"}],"author":[{"embeddable":true,"href":"https:\/\/bellafiume.com\/hr\/wp-json\/wp\/v2\/users\/1"}],"replies":[{"embeddable":true,"href":"https:\/\/bellafiume.com\/hr\/wp-json\/wp\/v2\/comments?post=1886"}],"version-history":[{"count":2,"href":"https:\/\/bellafiume.com\/hr\/wp-json\/wp\/v2\/pages\/1886\/revisions"}],"predecessor-version":[{"id":1893,"href":"https:\/\/bellafiume.com\/hr\/wp-json\/wp\/v2\/pages\/1886\/revisions\/1893"}],"wp:featuredmedia":[{"embeddable":true,"href":"https:\/\/bellafiume.com\/hr\/wp-json\/wp\/v2\/media\/1867"}],"wp:attachment":[{"href":"https:\/\/bellafiume.com\/hr\/wp-json\/wp\/v2\/media?parent=1886"}],"wp:term":[{"taxonomy":"yst_prominent_words","embeddable":true,"href":"https:\/\/bellafiume.com\/hr\/wp-json\/wp\/v2\/yst_prominent_words?post=1886"}],"curies":[{"name":"wp","href":"https:\/\/api.w.org\/{rel}","templated":true}]}}