{"id":1885,"date":"2019-08-20T11:29:12","date_gmt":"2019-08-20T09:29:12","guid":{"rendered":"https:\/\/bellafiume.com\/service\/"},"modified":"2026-02-13T12:15:42","modified_gmt":"2026-02-13T11:15:42","slug":"upravljanje-nekretninama","status":"publish","type":"page","link":"https:\/\/bellafiume.com\/hr\/upravljanje-nekretninama\/","title":{"rendered":"Upravljanje nekretninama"},"content":{"rendered":"\n<div class=\"wp-block-columns has-3-columns is-layout-flex wp-container-core-columns-is-layout-9d6595d7 wp-block-columns-is-layout-flex\" id=\"about-service\">\n<div class=\"wp-block-column is-layout-flow wp-block-column-is-layout-flow\">\n<div class=\"wp-block-getwid-advanced-heading\"><h2 class=\"wp-block-getwid-advanced-heading__content\">Transformacija va\u0161eg iskustva s upravljanjem<br>nekretninama<\/h2><\/div>\n<\/div>\n\n\n\n<div class=\"wp-block-column is-layout-flow wp-block-column-is-layout-flow\">\n<p>Bilo da \u017eelite pove\u0107ati prihod kod <strong>iznajmljivanja luksuzne ku\u0107e za odmor<\/strong> ili vam treba pomo\u0107 kod popunjavanja kapaciteta,  mi smo tu za vas. Specijalizirani smo za pru\u017eanje <strong>besprijekornih transakcija i upravljanje bez muke<\/strong>, a pritom osiguravamo pokrivenost svih pravnih osnova.<\/p>\n<\/div>\n\n\n\n<div class=\"wp-block-column is-layout-flow wp-block-column-is-layout-flow\">\n<p>Na\u0161 tim stru\u010dnjaka predan je pru\u017eanju <strong>individualizirane usluge i pouzdanih savjeta<\/strong>, potkrijepljenih na\u0161im<strong> dugogodi\u0161njim razumijevanjem tr\u017ei\u0161ta<\/strong> koje se stalno razvija. Istra\u017eite na\u0161e usluge i otkrijte kako zajedno mo\u017eemo <strong>transformirati va\u0161e poslovanje<\/strong>.<\/p>\n<\/div>\n<\/div>\n\n\n\n<div style=\"height:40px\" aria-hidden=\"true\" class=\"wp-block-spacer\"><\/div>\n\n\n\n<div class=\"wp-block-columns has-2-columns is-layout-flex wp-container-core-columns-is-layout-9d6595d7 wp-block-columns-is-layout-flex\">\n<div class=\"wp-block-column is-layout-flow wp-block-column-is-layout-flow\">\n<figure class=\"wp-block-image size-large\"><img loading=\"lazy\" decoding=\"async\" width=\"1024\" height=\"978\" src=\"https:\/\/bellafiume.com\/wp-content\/uploads\/2023\/02\/1-1024x978.jpg\" alt=\"\" class=\"wp-image-1294\" srcset=\"https:\/\/bellafiume.com\/wp-content\/uploads\/2023\/02\/1-1024x978.jpg 1024w, https:\/\/bellafiume.com\/wp-content\/uploads\/2023\/02\/1-300x287.jpg 300w, https:\/\/bellafiume.com\/wp-content\/uploads\/2023\/02\/1-768x734.jpg 768w, https:\/\/bellafiume.com\/wp-content\/uploads\/2023\/02\/1-892x852.jpg 892w, https:\/\/bellafiume.com\/wp-content\/uploads\/2023\/02\/1.jpg 1280w\" sizes=\"auto, (max-width: 1024px) 100vw, 1024px\" \/><\/figure>\n<\/div>\n\n\n\n<div class=\"wp-block-column is-layout-flow wp-block-column-is-layout-flow\">\n<figure class=\"wp-block-gallery has-nested-images columns-2 is-cropped wp-block-gallery-1 is-layout-flex wp-block-gallery-is-layout-flex\">\n<figure class=\"wp-block-image size-large\"><img loading=\"lazy\" decoding=\"async\" width=\"1024\" height=\"980\" data-id=\"1229\" src=\"https:\/\/bellafiume.com\/wp-content\/uploads\/2019\/08\/Bella-Fiume-img-05-1024x980.jpg\" alt=\"\" class=\"wp-image-1229\" srcset=\"https:\/\/bellafiume.com\/wp-content\/uploads\/2019\/08\/Bella-Fiume-img-05-1024x980.jpg 1024w, https:\/\/bellafiume.com\/wp-content\/uploads\/2019\/08\/Bella-Fiume-img-05-300x287.jpg 300w, https:\/\/bellafiume.com\/wp-content\/uploads\/2019\/08\/Bella-Fiume-img-05-768x735.jpg 768w, https:\/\/bellafiume.com\/wp-content\/uploads\/2019\/08\/Bella-Fiume-img-05-892x854.jpg 892w, https:\/\/bellafiume.com\/wp-content\/uploads\/2019\/08\/Bella-Fiume-img-05.jpg 1279w\" sizes=\"auto, (max-width: 1024px) 100vw, 1024px\" \/><\/figure>\n\n\n\n<figure class=\"wp-block-image size-large\"><img loading=\"lazy\" decoding=\"async\" width=\"1024\" height=\"978\" data-id=\"1376\" src=\"https:\/\/bellafiume.com\/wp-content\/uploads\/2023\/02\/Krsic-most-1024x978.jpg\" alt=\"\" class=\"wp-image-1376\" srcset=\"https:\/\/bellafiume.com\/wp-content\/uploads\/2023\/02\/Krsic-most-1024x978.jpg 1024w, https:\/\/bellafiume.com\/wp-content\/uploads\/2023\/02\/Krsic-most-300x287.jpg 300w, https:\/\/bellafiume.com\/wp-content\/uploads\/2023\/02\/Krsic-most-768x734.jpg 768w, https:\/\/bellafiume.com\/wp-content\/uploads\/2023\/02\/Krsic-most-892x852.jpg 892w, https:\/\/bellafiume.com\/wp-content\/uploads\/2023\/02\/Krsic-most.jpg 1280w\" sizes=\"auto, (max-width: 1024px) 100vw, 1024px\" \/><\/figure>\n\n\n\n<figure class=\"wp-block-image size-large\"><img loading=\"lazy\" decoding=\"async\" width=\"1024\" height=\"978\" data-id=\"1377\" src=\"https:\/\/bellafiume.com\/wp-content\/uploads\/2023\/02\/Rijecina-1024x978.jpg\" alt=\"\" class=\"wp-image-1377\" srcset=\"https:\/\/bellafiume.com\/wp-content\/uploads\/2023\/02\/Rijecina-1024x978.jpg 1024w, https:\/\/bellafiume.com\/wp-content\/uploads\/2023\/02\/Rijecina-300x287.jpg 300w, https:\/\/bellafiume.com\/wp-content\/uploads\/2023\/02\/Rijecina-768x734.jpg 768w, https:\/\/bellafiume.com\/wp-content\/uploads\/2023\/02\/Rijecina-892x852.jpg 892w, https:\/\/bellafiume.com\/wp-content\/uploads\/2023\/02\/Rijecina.jpg 1280w\" sizes=\"auto, (max-width: 1024px) 100vw, 1024px\" \/><\/figure>\n\n\n\n<figure class=\"wp-block-image size-large\"><img loading=\"lazy\" decoding=\"async\" width=\"1024\" height=\"978\" data-id=\"1299\" src=\"https:\/\/bellafiume.com\/wp-content\/uploads\/2023\/02\/Opatija-2-1024x978.jpg\" alt=\"\" class=\"wp-image-1299\" srcset=\"https:\/\/bellafiume.com\/wp-content\/uploads\/2023\/02\/Opatija-2-1024x978.jpg 1024w, https:\/\/bellafiume.com\/wp-content\/uploads\/2023\/02\/Opatija-2-300x287.jpg 300w, https:\/\/bellafiume.com\/wp-content\/uploads\/2023\/02\/Opatija-2-768x734.jpg 768w, https:\/\/bellafiume.com\/wp-content\/uploads\/2023\/02\/Opatija-2-892x852.jpg 892w, https:\/\/bellafiume.com\/wp-content\/uploads\/2023\/02\/Opatija-2.jpg 1280w\" sizes=\"auto, (max-width: 1024px) 100vw, 1024px\" \/><\/figure>\n<\/figure>\n<\/div>\n<\/div>\n\n\n\n<div class=\"wp-block-getwid-advanced-heading\" style=\"margin-bottom:5px;margin-top:46px\"><h2 class=\"wp-block-getwid-advanced-heading__content\" style=\"text-align:center\">Kako vam mo\u017eemo pomo\u0107i?<\/h2><\/div>\n\n\n\n<div class=\"wp-block-getwid-advanced-heading\" style=\"margin-bottom:45px\"><span class=\"wp-block-getwid-advanced-heading__content\" style=\"text-align:center\">Po\u0161tujemo sljede\u0107a na\u010dela i odr\u017eavamo ih u na\u0161em prijateljskom timu i u suradnji s na\u0161im klijentima<\/span><\/div>\n\n\n\n<div class=\"wp-block-columns has-3-columns is-layout-flex wp-container-core-columns-is-layout-9d6595d7 wp-block-columns-is-layout-flex\">\n<div class=\"wp-block-column is-layout-flow wp-block-column-is-layout-flow\">\n<div class=\"wp-block-getwid-section is-style-with-shadow is-style-fit-parent\"><div class=\"wp-block-getwid-section__wrapper getwid-padding-top-medium getwid-padding-bottom-medium getwid-padding-left-medium getwid-padding-right-medium getwid-align-items-flex-start\"><div class=\"wp-block-getwid-section__inner-wrapper\"><div class=\"wp-block-getwid-section__background-holder\"><div class=\"wp-block-getwid-section__background has-background has-white-background-color\"><\/div><div class=\"wp-block-getwid-section__foreground\"><\/div><\/div><div class=\"wp-block-getwid-section__content\"><div class=\"wp-block-getwid-section__inner-content\">\n<div class=\"wp-block-getwid-image-box getwid-animation has-text-center has-mobile-layout-default has-mobile-alignment-default\" data-animation=\"slideBottom\"><div style=\"margin-bottom:30px\" class=\"wp-block-getwid-image-box__image-container is-position-top\"><a href=\"#\" class=\"wp-block-getwid-image-box__image-wrapper\"><img loading=\"lazy\" decoding=\"async\" width=\"64\" height=\"64\" src=\"https:\/\/bellafiume.com\/wp-content\/uploads\/2019\/09\/openness1.png\" alt=\"\" class=\"wp-block-getwid-image-box__image wp-image-843\"\/><\/a><\/div><div class=\"wp-block-getwid-image-box__content\">\n<div class=\"wp-block-getwid-advanced-heading\" style=\"margin-bottom:10px\"><h4 class=\"wp-block-getwid-advanced-heading__content\">Provjera gostiju<\/h4><\/div>\n\n\n\n<p class=\"has-small-font-size\">Osiguravamo bezbri\u017enost na\u0161im <strong>temeljitim postupkom provjere gostiju, pa\u017eljivom provjerom identiteta i procjenom prethodnih recenzija<\/strong> kako bismo osigurali da je va\u0161 smje\u0161taj povjeren pouzdanim gostima.<\/p>\n<\/div><\/div>\n<\/div><\/div><\/div><\/div><\/div>\n<\/div>\n\n\n\n<div class=\"wp-block-column is-layout-flow wp-block-column-is-layout-flow\">\n<div class=\"wp-block-getwid-section is-style-with-shadow is-style-fit-parent\"><div class=\"wp-block-getwid-section__wrapper getwid-padding-top-medium getwid-padding-bottom-medium getwid-padding-left-medium getwid-padding-right-medium getwid-align-items-flex-start\"><div class=\"wp-block-getwid-section__inner-wrapper\"><div class=\"wp-block-getwid-section__background-holder\"><div class=\"wp-block-getwid-section__background has-background has-white-background-color\"><\/div><div class=\"wp-block-getwid-section__foreground\"><\/div><\/div><div class=\"wp-block-getwid-section__content\"><div class=\"wp-block-getwid-section__inner-content\">\n<div class=\"wp-block-getwid-image-box getwid-animation has-text-center has-mobile-layout-default has-mobile-alignment-default\" data-animation=\"slideBottom\"><div style=\"margin-bottom:30px\" class=\"wp-block-getwid-image-box__image-container is-position-top\"><a href=\"#\" class=\"wp-block-getwid-image-box__image-wrapper\"><img loading=\"lazy\" decoding=\"async\" width=\"64\" height=\"64\" src=\"https:\/\/bellafiume.com\/wp-content\/uploads\/2019\/09\/integrity1.png\" alt=\"\" class=\"wp-block-getwid-image-box__image wp-image-844\"\/><\/a><\/div><div class=\"wp-block-getwid-image-box__content\">\n<div class=\"wp-block-getwid-advanced-heading\" style=\"margin-bottom:10px\"><h4 class=\"wp-block-getwid-advanced-heading__content\">Dostupnost termina<\/h4><\/div>\n\n\n\n<p class=\"has-small-font-size\">Na\u0161 tim <strong>upravlja kalendarom rezervacija va\u0161eg objekta<\/strong>, optimiziraju\u0107i dostupnost kako biste maksimalno <strong>pove\u0107ali svoj prihod od najma<\/strong>, istovremeno osiguravaju\u0107i besprijekorno iskustvo gostiju.<\/p>\n<\/div><\/div>\n<\/div><\/div><\/div><\/div><\/div>\n<\/div>\n\n\n\n<div class=\"wp-block-column is-layout-flow wp-block-column-is-layout-flow\">\n<div class=\"wp-block-getwid-section is-style-with-shadow is-style-fit-parent\"><div class=\"wp-block-getwid-section__wrapper getwid-padding-top-medium getwid-padding-bottom-medium getwid-padding-left-medium getwid-padding-right-medium getwid-align-items-flex-start\"><div class=\"wp-block-getwid-section__inner-wrapper\"><div class=\"wp-block-getwid-section__background-holder\"><div class=\"wp-block-getwid-section__background has-background has-white-background-color\"><\/div><div class=\"wp-block-getwid-section__foreground\"><\/div><\/div><div class=\"wp-block-getwid-section__content\"><div class=\"wp-block-getwid-section__inner-content\">\n<div class=\"wp-block-getwid-image-box getwid-animation has-text-center has-mobile-layout-default has-mobile-alignment-default\" data-animation=\"slideBottom\"><div style=\"margin-bottom:30px\" class=\"wp-block-getwid-image-box__image-container is-position-top\"><a href=\"#\" class=\"wp-block-getwid-image-box__image-wrapper\"><img loading=\"lazy\" decoding=\"async\" width=\"64\" height=\"64\" src=\"https:\/\/bellafiume.com\/wp-content\/uploads\/2019\/09\/mastery1.png\" alt=\"\" class=\"wp-block-getwid-image-box__image wp-image-845\"\/><\/a><\/div><div class=\"wp-block-getwid-image-box__content\">\n<div class=\"wp-block-getwid-advanced-heading\" style=\"margin-bottom:10px\"><h4 class=\"wp-block-getwid-advanced-heading__content\">Odr\u017eavanje<\/h4><\/div>\n\n\n\n<p class=\"has-small-font-size\">Nadgledamo i vodimo <strong>sve aspekte odr\u017eavanja imovine<\/strong>, od rutinskog odr\u017eavanja do hitnih popravaka, <strong>osiguravaju\u0107i da va\u0161a nekretnina ostane u besprijekornom stanju za svakog gosta<\/strong>.<\/p>\n<\/div><\/div>\n<\/div><\/div><\/div><\/div><\/div>\n<\/div>\n<\/div>\n\n\n\n<div class=\"wp-block-columns has-3-columns margintop50 is-layout-flex wp-container-core-columns-is-layout-9d6595d7 wp-block-columns-is-layout-flex\">\n<div class=\"wp-block-column is-layout-flow wp-block-column-is-layout-flow\">\n<div class=\"wp-block-getwid-section is-style-with-shadow is-style-fit-parent\"><div class=\"wp-block-getwid-section__wrapper getwid-padding-top-medium getwid-padding-bottom-medium getwid-padding-left-medium getwid-padding-right-medium getwid-align-items-flex-start\"><div class=\"wp-block-getwid-section__inner-wrapper\"><div class=\"wp-block-getwid-section__background-holder\"><div class=\"wp-block-getwid-section__background has-background has-white-background-color\"><\/div><div class=\"wp-block-getwid-section__foreground\"><\/div><\/div><div class=\"wp-block-getwid-section__content\"><div class=\"wp-block-getwid-section__inner-content\">\n<div class=\"wp-block-getwid-image-box getwid-animation has-text-center has-mobile-layout-default has-mobile-alignment-default\" data-animation=\"slideBottom\"><div style=\"margin-bottom:30px\" class=\"wp-block-getwid-image-box__image-container is-position-top\"><a href=\"#\" class=\"wp-block-getwid-image-box__image-wrapper\"><img loading=\"lazy\" decoding=\"async\" width=\"64\" height=\"64\" src=\"https:\/\/bellafiume.com\/wp-content\/uploads\/2019\/09\/one-team1.png\" alt=\"\" class=\"wp-block-getwid-image-box__image wp-image-846\"\/><\/a><\/div><div class=\"wp-block-getwid-image-box__content\">\n<div class=\"wp-block-getwid-advanced-heading\" style=\"margin-bottom:10px\"><h4 class=\"wp-block-getwid-advanced-heading__content\">Provjere imovine<\/h4><\/div>\n\n\n\n<p class=\"has-small-font-size\">Na\u0161e redovite inspekcije nekretnina <strong>jam\u010de da je va\u0161a investicija dobro odr\u017eavana<\/strong> i u skladu sa standardima kvalitete, pru\u017eaju\u0107i vrhunsko iskustvo za svakog novog gosta.<\/p>\n<\/div><\/div>\n<\/div><\/div><\/div><\/div><\/div>\n<\/div>\n\n\n\n<div class=\"wp-block-column is-layout-flow wp-block-column-is-layout-flow\">\n<div class=\"wp-block-getwid-section is-style-with-shadow is-style-fit-parent\"><div class=\"wp-block-getwid-section__wrapper getwid-padding-top-medium getwid-padding-bottom-medium getwid-padding-left-medium getwid-padding-right-medium getwid-align-items-flex-start\"><div class=\"wp-block-getwid-section__inner-wrapper\"><div class=\"wp-block-getwid-section__background-holder\"><div class=\"wp-block-getwid-section__background has-background has-white-background-color\"><\/div><div class=\"wp-block-getwid-section__foreground\"><\/div><\/div><div class=\"wp-block-getwid-section__content\"><div class=\"wp-block-getwid-section__inner-content\">\n<div class=\"wp-block-getwid-image-box getwid-animation has-text-center has-mobile-layout-default has-mobile-alignment-default\" data-animation=\"slideBottom\"><div style=\"margin-bottom:30px\" class=\"wp-block-getwid-image-box__image-container is-position-top\"><a href=\"#\" class=\"wp-block-getwid-image-box__image-wrapper\"><img loading=\"lazy\" decoding=\"async\" width=\"64\" height=\"64\" src=\"https:\/\/bellafiume.com\/wp-content\/uploads\/2019\/09\/innovative1.png\" alt=\"\" class=\"wp-block-getwid-image-box__image wp-image-847\"\/><\/a><\/div><div class=\"wp-block-getwid-image-box__content\">\n<div class=\"wp-block-getwid-advanced-heading\" style=\"margin-bottom:10px\"><h4 class=\"wp-block-getwid-advanced-heading__content\">Financijska izvje\u0161\u0107a<\/h4><\/div>\n\n\n\n<p class=\"has-small-font-size\">Pru\u017eamo <strong>sveobuhvatna <\/strong>financijska izvje\u0161\u0107a, daju\u0107i vam <strong>jasne i detaljne uvide <\/strong>u uspje\u0161nost i prihode va\u0161e nekretnine te <strong>ukazujemo na mogu\u0107e pove\u0107anje<\/strong>.<\/p>\n<\/div><\/div>\n<\/div><\/div><\/div><\/div><\/div>\n<\/div>\n\n\n\n<div class=\"wp-block-column is-layout-flow wp-block-column-is-layout-flow\">\n<div class=\"wp-block-getwid-section is-style-with-shadow is-style-fit-parent\"><div class=\"wp-block-getwid-section__wrapper getwid-padding-top-medium getwid-padding-bottom-medium getwid-padding-left-medium getwid-padding-right-medium getwid-align-items-flex-start\"><div class=\"wp-block-getwid-section__inner-wrapper\"><div class=\"wp-block-getwid-section__background-holder\"><div class=\"wp-block-getwid-section__background has-background has-white-background-color\"><\/div><div class=\"wp-block-getwid-section__foreground\"><\/div><\/div><div class=\"wp-block-getwid-section__content\"><div class=\"wp-block-getwid-section__inner-content\">\n<div class=\"wp-block-getwid-image-box getwid-animation has-text-center has-mobile-layout-default has-mobile-alignment-default\" data-animation=\"slideBottom\"><div style=\"margin-bottom:30px\" class=\"wp-block-getwid-image-box__image-container is-position-top\"><a href=\"#\" class=\"wp-block-getwid-image-box__image-wrapper\"><img loading=\"lazy\" decoding=\"async\" width=\"64\" height=\"64\" src=\"https:\/\/bellafiume.com\/wp-content\/uploads\/2019\/09\/quality1.png\" alt=\"\" class=\"wp-block-getwid-image-box__image wp-image-848\"\/><\/a><\/div><div class=\"wp-block-getwid-image-box__content\">\n<div class=\"wp-block-getwid-advanced-heading\" style=\"margin-bottom:10px\"><h4 class=\"wp-block-getwid-advanced-heading__content\">Pravna pomo\u0107<\/h4><\/div>\n\n\n\n<p class=\"has-small-font-size\">S lako\u0107om se snalazite u <strong>slo\u017eenosti zakona o najmu<\/strong> jer na\u0161 tim nudi stru\u010dne pravne smjernice<strong> o uskla\u0111enosti, ugovorima i rje\u0161avanju sporova<\/strong>.<\/p>\n<\/div><\/div>\n<\/div><\/div><\/div><\/div><\/div>\n<\/div>\n<\/div>\n\n\n\n<div style=\"height:56px\" aria-hidden=\"true\" class=\"wp-block-spacer\"><\/div>\n\n\n\n<div class=\"wp-block-buttons is-content-justification-center is-layout-flex wp-container-core-buttons-is-layout-16018d1d wp-block-buttons-is-layout-flex\">\n<div class=\"wp-block-button\"><a class=\"wp-block-button__link has-text-align-left wp-element-button\" href=\"https:\/\/bellafiume.com\/wp-content\/uploads\/2023\/06\/Bella-Fiume-Services.hr_.pdf\" target=\"_blank\" rel=\"noreferrer noopener\">Vi\u0161e detalja o na\u0161im uslugama &gt;&gt;<\/a><\/div>\n<\/div>\n\n\n\n<div style=\"height:56px\" aria-hidden=\"true\" class=\"wp-block-spacer\"><\/div>\n\n\n\n<hr class=\"wp-block-separator has-css-opacity is-style-wide\"\/>\n\n\n\n<div style=\"height:30px\" aria-hidden=\"true\" class=\"wp-block-spacer\"><\/div>\n\n\n\n<div class=\"wp-block-getwid-advanced-heading\" style=\"margin-bottom:5px;margin-top:26px\"><h2 class=\"wp-block-getwid-advanced-heading__content\" style=\"text-align:center\">Upoznajte na\u0161 tim<\/h2><\/div>\n\n\n\n<div class=\"wp-block-getwid-advanced-heading\" style=\"margin-bottom:45px\"><span class=\"wp-block-getwid-advanced-heading__content\" style=\"text-align:center\">Saznajte tko se nalazi u Bella Fiume timu<\/span><\/div>\n\n\n\n<div class=\"wp-block-columns has-4-columns is-layout-flex wp-container-core-columns-is-layout-9d6595d7 wp-block-columns-is-layout-flex\">\n<div class=\"wp-block-column is-layout-flow wp-block-column-is-layout-flow\">\n<div class=\"wp-block-getwid-advanced-spacer getwid-hide-desktop getwid-hide-tablet\" style=\"height:40px\" aria-hidden=\"true\"><\/div>\n<\/div>\n\n\n\n<div class=\"wp-block-column is-layout-flow wp-block-column-is-layout-flow\">\n<div class=\"wp-block-getwid-person is-image-cropped\"><div class=\"wp-block-getwid-person__image\"><img loading=\"lazy\" decoding=\"async\" width=\"200\" height=\"200\" src=\"https:\/\/bellafiume.com\/wp-content\/uploads\/2026\/02\/vibor.jpg\" class=\"wp-image-2065\" srcset=\"https:\/\/bellafiume.com\/wp-content\/uploads\/2026\/02\/vibor.jpg 200w, https:\/\/bellafiume.com\/wp-content\/uploads\/2026\/02\/vibor-150x150.jpg 150w\" sizes=\"auto, (max-width: 200px) 100vw, 200px\" \/><\/div><div class=\"wp-block-getwid-person__content-wrapper\"><span class=\"wp-block-getwid-person__title\">Vibor Paravi\u0107<\/span><span class=\"wp-block-getwid-person__subtitle\">Managing director<\/span><p class=\"wp-block-getwid-person__content\">Upoznajte na\u0161eg generalnog direktora, va\u0161eg strate\u0161kog vodi\u010da koji prednja\u010di u svijetu nekretnina, posve\u0107en pobolj\u0161anju va\u0161eg putovanja nekretninama svojim opse\u017enim znanjem o industriji, vodstvom i vizijom.<\/p>\n<div class=\"wp-block-getwid-social-links has-small-spacing\" style=\"font-size:14px\"><ul class=\"wp-block-getwid-social-links__list getwid-justify-content-flex-start\"><li class=\"wp-block-getwid-social-links__item\"><a class=\"wp-block-getwid-social-links__link\" href=\"https:\/\/www.facebook.com\/\"><span class=\"wp-block-getwid-social-links__wrapper has-text-color has-light-sea-green-color\"><i class=\"fab fa-facebook-f\"><\/i><\/span><\/a><\/li><li class=\"wp-block-getwid-social-links__item\"><a class=\"wp-block-getwid-social-links__link\" href=\"https:\/\/www.instagram.com\/\"><span class=\"wp-block-getwid-social-links__wrapper has-text-color has-light-sea-green-color\"><i class=\"fab fa-instagram\"><\/i><\/span><\/a><\/li><li class=\"wp-block-getwid-social-links__item\"><a class=\"wp-block-getwid-social-links__link\" href=\"https:\/\/twitter.com\/\"><span class=\"wp-block-getwid-social-links__wrapper has-text-color has-light-sea-green-color\"><i class=\"fab fa-twitter\"><\/i><\/span><\/a><\/li><\/ul><\/div>\n<\/div><\/div>\n<\/div>\n\n\n\n<div class=\"wp-block-column is-layout-flow wp-block-column-is-layout-flow\">\n<div class=\"wp-block-getwid-advanced-spacer getwid-hide-desktop getwid-hide-tablet\" style=\"height:40px\" aria-hidden=\"true\"><\/div>\n<\/div>\n<\/div>\n\n\n\n<div style=\"height:56px\" aria-hidden=\"true\" class=\"wp-block-spacer\"><\/div>\n\n\n\n<div class=\"wp-block-getwid-banner has-animation-style1 has-text-animation-opacity-right has-foreground-20 has-vertical-alignment-bottom has-horizontal-alignment-left\"><a href=\"https:\/\/bellafiume.com\/hr\/zelite-raditi-s-nama\/\" class=\"wp-block-getwid-banner__link\"><div class=\"wp-block-getwid-banner__wrapper\"><img loading=\"lazy\" decoding=\"async\" width=\"1920\" height=\"1280\" src=\"https:\/\/bellafiume.com\/wp-content\/uploads\/2019\/08\/Bella-Fiume-img-06.jpg\" alt=\"\" class=\"wp-block-getwid-banner__image wp-block-getwid-banner__source wp-image-1228\" srcset=\"https:\/\/bellafiume.com\/wp-content\/uploads\/2019\/08\/Bella-Fiume-img-06.jpg 1920w, https:\/\/bellafiume.com\/wp-content\/uploads\/2019\/08\/Bella-Fiume-img-06-300x200.jpg 300w, https:\/\/bellafiume.com\/wp-content\/uploads\/2019\/08\/Bella-Fiume-img-06-1024x683.jpg 1024w, https:\/\/bellafiume.com\/wp-content\/uploads\/2019\/08\/Bella-Fiume-img-06-768x512.jpg 768w, https:\/\/bellafiume.com\/wp-content\/uploads\/2019\/08\/Bella-Fiume-img-06-1536x1024.jpg 1536w, https:\/\/bellafiume.com\/wp-content\/uploads\/2019\/08\/Bella-Fiume-img-06-892x595.jpg 892w, https:\/\/bellafiume.com\/wp-content\/uploads\/2019\/08\/Bella-Fiume-img-06-1350x900.jpg 1350w\" sizes=\"auto, (max-width: 1920px) 100vw, 1920px\" \/><div class=\"wp-block-getwid-banner__caption\"><div style=\"max-width:350px\" class=\"wp-block-getwid-banner__caption-wrapper\"><span class=\"wp-block-getwid-banner__title\">\u017delite li raditi s nama?<\/span><p class=\"wp-block-getwid-banner__text\">Kliknite ovdje i stupite u kontakt. Mi vam mo\u017eemo pomo\u0107i da izvu\u010dete najvi\u0161e iz svog smje\u0161taja.<\/p><\/div><\/div><\/div><\/a><\/div>\n","protected":false},"excerpt":{"rendered":"<p>Dobrodo\u0161li u na\u0161 sveobuhvatni centar usluga i va\u0161u kona\u010dnu destinaciju za sve \u0161to se ti\u010de upravljanja nekretninama. Kao iskusni stru\u010dnjaci u ovom podru\u010dju, nudimo vam \u0161irok spektar usluga koje zadovoljavaju raznolike potrebe vlasnika nekretnina, investitora i stanara. Na\u0161 opse\u017ean portfelj sastoji se od prekrasnih nekretnina na najboljim lokacijama diljem Kvarnera.<\/p>\n","protected":false},"author":1,"featured_media":1867,"parent":0,"menu_order":0,"comment_status":"closed","ping_status":"closed","template":"template-wide-page.php","meta":{"inline_featured_image":false,"footnotes":""},"yst_prominent_words":[],"class_list":["post-1885","page","type-page","status-publish","has-post-thumbnail","hentry"],"_links":{"self":[{"href":"https:\/\/bellafiume.com\/hr\/wp-json\/wp\/v2\/pages\/1885","targetHints":{"allow":["GET"]}}],"collection":[{"href":"https:\/\/bellafiume.com\/hr\/wp-json\/wp\/v2\/pages"}],"about":[{"href":"https:\/\/bellafiume.com\/hr\/wp-json\/wp\/v2\/types\/page"}],"author":[{"embeddable":true,"href":"https:\/\/bellafiume.com\/hr\/wp-json\/wp\/v2\/users\/1"}],"replies":[{"embeddable":true,"href":"https:\/\/bellafiume.com\/hr\/wp-json\/wp\/v2\/comments?post=1885"}],"version-history":[{"count":12,"href":"https:\/\/bellafiume.com\/hr\/wp-json\/wp\/v2\/pages\/1885\/revisions"}],"predecessor-version":[{"id":2067,"href":"https:\/\/bellafiume.com\/hr\/wp-json\/wp\/v2\/pages\/1885\/revisions\/2067"}],"wp:featuredmedia":[{"embeddable":true,"href":"https:\/\/bellafiume.com\/hr\/wp-json\/wp\/v2\/media\/1867"}],"wp:attachment":[{"href":"https:\/\/bellafiume.com\/hr\/wp-json\/wp\/v2\/media?parent=1885"}],"wp:term":[{"taxonomy":"yst_prominent_words","embeddable":true,"href":"https:\/\/bellafiume.com\/hr\/wp-json\/wp\/v2\/yst_prominent_words?post=1885"}],"curies":[{"name":"wp","href":"https:\/\/api.w.org\/{rel}","templated":true}]}}