{"id":1884,"date":"2023-02-13T11:41:37","date_gmt":"2023-02-13T10:41:37","guid":{"rendered":"https:\/\/bellafiume.com\/privacy-policy\/"},"modified":"2023-06-06T17:26:00","modified_gmt":"2023-06-06T15:26:00","slug":"politika-privatnosti","status":"publish","type":"page","link":"https:\/\/bellafiume.com\/hr\/politika-privatnosti\/","title":{"rendered":"Politika privatnosti"},"content":{"rendered":"\n<p><strong>Politika o za\u0161titi privatnosti<\/strong><\/p>\n\n\n\n<p>Sukladno Uredbi (EU) 2016\/679 Europskog parlamenta i vije\u0107a od 27. travnja 2016. o za\u0161titi pojedinaca u vezi s obradom osobnih podataka o slobodnom kretanju takvih podataka te o stavljanju izvan snage Direktive 95\/46\/EZ (Slu\u017ebeni list Europske unije L 119, 4.5.2016., str. 1., u daljnjem tekstu: Op\u0107a uredba o za\u0161titi podataka), koja je u punoj primjeni od dana 25. svibnja 2018. godine u Republici Hrvatskoj i svim zemljama \u010dlanicama Europske unije, kao i Zakonu o provedbi Op\u0107e uredbe o za\u0161titi podataka (Narodne novine broj 42\/18, u daljnjem tekstu: Zakon), Zakona o radu (Nar. novine br. 93 \/ 14 i 127 \/ 17), Zakona o za\u0161titi na radu (Nar. novine, br. 71\/14, 118\/14 i 154\/14), odnosno sukladno pravnom okviru za\u0161tite osobnih podataka u Republici Hrvatskoj i Europskoj uniji te najboljoj europskoj praksi, VIBOR PARAVI\u0106.<\/p>\n\n\n\n<p>upisano u trgova\u010dkom sudu u TRGOVA\u010cKI SUD U RIJECI (u daljnjem tekstu: BELLA FIUME D.O.O.), kao voditelj obrade osobnih podataka korisnika svojih usluga i kupaca, izradilo je Politiku o za\u0161titi privatnosti osobnih podataka korisnika usluga i kupaca. Politika o za\u0161titi privatnosti osobnih podataka jednostrano obvezuju\u0107i pravni akt zasnovan na temeljnim na\u010delima u obradi osobnih podataka, kojim se regulira koji podaci korisnika se prikupljaju, na koji na\u010din se takvi podaci obra\u0111uju, u koje se svrhe upotrebljavaju. Politika o za\u0161titi privatnosti ujedno upoznaje korisnike usluga i\/ili kupce s njihovim pravima u prikupljanju i daljnjoj obradi osobnih podataka, sve u svrhu za\u0161tite njihove privatnosti u \u0161irem smislu.<\/p>\n\n\n\n<p>Politika o za\u0161titi privatnosti temelji se na sljede\u0107im na\u010delima obrade osobnih podataka: na\u010delu zakonitosti, transparentnosti i najbolje prakse, na\u010delu ograni\u010dene obrade i smanjenju koli\u010dine podataka, na\u010delu to\u010dnosti i potpunosti osobnih podataka, na\u010delu ograni\u010dene pohrane, na\u010delu cjelovitosti i povjerljivosti podataka, na\u010delu odgovornosti, na\u010delu povjerenja i po\u0161tene obrade, na\u010delu oportuniteta (svrhe obrade), na\u010delu obrade u neimenovanom (anonimiziranom) obliku.<\/p>\n\n\n\n<p>Politika o za\u0161titi privatnosti se primjenjuje na sve usluge koje nudi BELLA FIUME D.O.O., pri \u010demu je cilj Politike na jasan i transparentan na\u010din upoznati korisnike s postupcima obrade njihovih osobnih podataka i njihovim pravima. Prije svega, korisnici mogu se u svakom trenutku obratiti Udruzi sa zahtjevom za izmjenu, dopunu i\/ili a\u017euriranje podataka koji se na njih odnose, kao i odustati od dane privole i zatra\u017eiti prestanak daljnje obrade osobnih podataka.<\/p>\n\n\n\n<p>Za obradu osobnih podataka odgovoran je: VIBOR PARAVI\u0106<\/p>\n\n\n\n<p>Kontakt podaci za za\u0161titu osobnih podataka:<\/p>\n\n\n\n<p>e-mail: INFO@BELLAFIUME.COM<\/p>\n\n\n\n<p><strong>Na\u010dini prikupljanja i vrste osobnih podataka koji se prikupljaju<\/strong><\/p>\n\n\n\n<p>Izravno od strane samih korisnika na na\u010din da korisnici sami dostave podatke BELLA FIUME D.O.O.&nbsp; kao voditelju obrade u odre\u0111enom opsegu podataka koji je bitan za pru\u017eanje odgovaraju\u0107ih usluga, prodaje ili neke druge poveznice korisnika i HTTPS:\/\/BELLAFIUME.COM\/. U svrhu pru\u017eanja odgovaraju\u0107ih usluga korisnik je du\u017ean dostaviti BELLA FIUME D.O.O.&nbsp; sljede\u0107e podatke koji su istome potrebni za zasnivanje ugovornog odnosa radi pru\u017eanja pojedine usluge i\/ili prodaje odre\u0111enih proizvoda. Kupac \u2013 korisnik podatke mo\u017ee dostaviti usmeno ili pismeno u sredi\u0161te BELLA FIUME D.O.O. , putem maila poslanog na neku od mail adresa BELLA FIUME D.O.O. i preko internet stranice BELLA FIUME D.O.O.,&nbsp; HTTPS:\/\/BELLAFIUME.COM\/.<\/p>\n\n\n\n<p>Iz drugih javno dostupnih izvora podataka o tvrtkama i fizi\u010dkim osobama u tvrtkama na internet portalima, telefonskim imenicima koji sadr\u017ee takve podatke i drugim javno dostupnim servisima samo za svrhe za koje su i inicijalno bili prikupljeni.<\/p>\n\n\n\n<p>Automatski posjetom BELLA FIUME D.O.O. internet ( web ) stranici , aplikacijama i portalu, pri \u010demu se radi o podacima koji su pridru\u017eeni mre\u017enim identifikatorima (adrese internetskih protokola te identifikatori kola\u010di\u0107a, kao \u0161to su Google Analytics za pra\u0107enje interakcije korisnika i\/ili kupaca).<\/p>\n\n\n\n<p>Kola\u010di\u0107 je mala podatkovna datoteka koja se pohranjuje na ra\u010dunalo ili mobilni ure\u0111aj pri posjetu odre\u0111enoj web-stranici. Kola\u010di\u0107i se upotrebljavaju radi pru\u017eanja boljeg korisni\u010dkog iskustva svakom korisniku i\/ili kupcu, spremanje preferencija korisnika i\/ili kupaca, s ciljem da bi web-stranice radile u\u010dinkovitije, kao i za pra\u0107enje i ispitivanje kori\u0161tenja te posje\u0107enosti web-stranice BELLA FIUME D.O.O..<\/p>\n\n\n\n<p>Isklju\u010divanjem i\/ili blokiranjem spremanja kola\u010di\u0107a korisnik i\/ili kupac i dalje mo\u017ee pregledavati web-stranice BELLA FIUME D.O.O.. Me\u0111utim, postoji vjerojatnost da pojedine mogu\u0107nosti i\/ili funkcionalnosti web-stranice ne\u0107e biti dostupne takvom korisniku i\/ili kupcu, odnosno da \u0107e vrijeme potrebno za pristup pojedinim funkcijama web-stranice biti du\u017ee od uobi\u010dajenog.<\/p>\n\n\n\n<p>Predmetni mre\u017eni identifikatori mogu ostaviti tragove koji, u kombinaciji sa drugim identifikatorima i informacijama koje pru\u017eaju poslu\u017eitelji internetskih usluga, mogu poslu\u017eiti za identifikaciju korisnika i\/ili kupca.<\/p>\n\n\n\n<p>Koli\u010dina, odnosno opseg osobnih podataka koje BELLA FIUME D.O.O. prikuplja ovise o vrsti usluge koju BELLA FIUME D.O.O. pru\u017ea svojim korisnicima i\/ili kupcima, kao i o pravnoj osnovi na temelju koje isto prikuplja podatke. BellaFiume neprestano vodi brigu o prikupljanju samo nu\u017enog opsega osobnih podataka koji je potreban za postizanje zakonom utvr\u0111ene svrhe u koju se podaci obra\u0111uju.<\/p>\n\n\n\n<p><strong>Podaci o potencijalnim korisnicima<\/strong><\/p>\n\n\n\n<p>BellaFiume tako\u0111er prikuplja podatke o potencijalnim korisnicima i\/ili kupcima svojih usluga i\/ili proizvoda. Ovi podaci uklju\u010duju osnovne podatke (ime i prezime, adresa elektroni\u010dke po\u0161te), ali i interese potencijalnih Korisnika i\/ili Kupaca koji se obra\u0107aju udruzi sa \u017eeljom da ih se informira i \/ili im se ponudi odre\u0111ene proizvode i usluge.<\/p>\n\n\n\n<p>Kola\u010di\u0107 je mala podatkovna datoteka koja se pohranjuje na ra\u010dunalo ili mobilni ure\u0111aj pri posjetu odre\u0111enoj web-stranici. Kola\u010di\u0107i se upotrebljavaju radi pru\u017eanja boljeg korisni\u010dkog iskustva svakom korisniku i\/ili kupcu, spremanje preferencija korisnika i\/ili kupaca, s ciljem da bi web-stranice radile u\u010dinkovitije, kao i za pra\u0107enje i ispitivanje kori\u0161tenja te posje\u0107enosti web-stranice BELLA FIUME D.O.O..<\/p>\n\n\n\n<p>Isklju\u010divanjem i\/ili blokiranjem spremanja kola\u010di\u0107a korisnik i\/ili kupac i dalje mo\u017ee pregledavati web-stranice BELLA FIUME D.O.O.. Me\u0111utim, postoji vjerojatnost da pojedine mogu\u0107nosti i\/ili funkcionalnosti web-stranice ne\u0107e biti dostupne takvom korisniku i\/ili kupcu, odnosno da \u0107e vrijeme potrebno za pristup pojedinim funkcijama web-stranice biti du\u017ee od uobi\u010dajenog.<\/p>\n\n\n\n<p>Predmetni mre\u017eni identifikatori mogu ostaviti tragove koji, u kombinaciji sa drugim identifikatorima i informacijama koje pru\u017eaju poslu\u017eitelji internetskih usluga, mogu poslu\u017eiti za identifikaciju korisnika i\/ili kupca.<\/p>\n\n\n\n<p>Koli\u010dina, odnosno opseg osobnih podataka koje BELLA FIUME D.O.O. prikuplja ovise o vrsti usluge koju BELLA FIUME D.O.O. pru\u017ea svojim korisnicima i\/ili kupcima, kao i o pravnoj osnovi na temelju koje isto prikuplja podatke. BellaFiume neprestano vodi brigu o prikupljanju samo nu\u017enog opsega osobnih podataka koji je potreban za postizanje zakonom utvr\u0111ene svrhe u koju se podaci obra\u0111uju.<\/p>\n\n\n\n<p><strong>Vrste osobnih podataka koji se prikupljaju?<\/strong><\/p>\n\n\n\n<p>Podaci koje Kupac \u2013 Korisnik naj\u010de\u0161\u0107e dostavlja su:<\/p>\n\n\n\n<p>ime i prezime<\/p>\n\n\n\n<p>adresa<\/p>\n\n\n\n<p>osobni identifikacijski broj (OIB)<\/p>\n\n\n\n<p>kontakt broj telefona i\/ili mobitela<\/p>\n\n\n\n<p>kontakt podatke elektroni\u010dke po\u0161te (e-mail adresa)<\/p>\n\n\n\n<p>podaci iz osobne iskaznice<\/p>\n\n\n\n<p>podaci o bankovnom ra\u010dunu i broju kartice za potrebe reguliranja obveze pla\u0107anja<\/p>\n\n\n\n<p><strong>Gdje se obra\u0111uju osobni podaci?<\/strong><\/p>\n\n\n\n<p>Osobne podatke Korisnika \u2013 Kupaca BELLA FIUME D.O.O. obra\u0111uje u Republici Hrvatskoj.<\/p>\n\n\n\n<p><strong>Gdje se pohranjuju prikupljeni podaci?<\/strong><\/p>\n\n\n\n<p>Podaci se obra\u0111uju na na\u010din da se sve ili dio informacija o Kupcima \u2013 Korisnicima- Ispitanicima pohranjuju u baze voditelja obrade.<\/p>\n\n\n\n<p><strong>Obveze voditelja obrade u vezi sa sigurno\u0161\u0107u obrade<\/strong><\/p>\n\n\n\n<p><strong>TEHNI\u010cKA I INTEGRALNA ZA\u0160TITA PODATAKA<\/strong><\/p>\n\n\n\n<p>Voditelj Obrade provodi tehni\u010dke i organizacijske mjere kako bi se osigurala odgovaraju\u0107a razina sigurnosti.<\/p>\n\n\n\n<p>Voditelj obrade poduzima i mjere kako bi se osiguralo da svaki pojedinac koji djeluje pod odgovorno\u0161\u0107u voditelja obrade, a koji ima pristup osobnim podacima, ne obra\u0111uje te podatke ako to nije prema uputama Voditelja obrade.<\/p>\n\n\n\n<p>Uzimaju\u0107i u obzir prirodu, opseg, kontekst i svrhe obrade, kao i rizike razli\u010ditih razina vjerojatnosti i ozbiljnosti za rizike za prava i slobode pojedinaca, Voditelj obrade provodi odgovaraju\u0107e tehni\u010dke i organizacijske mjere u skladu sa Sigurnosnim politikama kako bi osigurao i mogao dokazati da se obrada provodi u skladu s Op\u0107om uredbom.<\/p>\n\n\n\n<p><strong>Svrha prikupljanja i daljnje obrade podataka<\/strong><\/p>\n\n\n\n<p>BellaFiume prikuplja i dalje obra\u0111uje osobne podatke korisnika i\/ili kupaca u svrhu sklapanja i izvr\u0161enja ugovora, realizacije kupovine ili servisne intervencije na opremi, dostave naru\u010denih proizvoda, savjetovanja i pomo\u0107i pri uporabi proizvoda, pru\u017eanja odgovaraju\u0107ih dodatnih i\/ili produ\u017eenih jamstava za proizvode, rje\u0161avanja prigovora korisnika i\/ili kupaca te drugih radnji koje su povezane sa sklapanjem i izvr\u0161enjem ugovora u skladu s mjerodavnim propisima.<\/p>\n\n\n\n<p>Obrada osobnih podataka korisnika i\/ili kupaca za naprijed navedene svrhe predstavlja nu\u017enost i pravnu osnovu za sklapanja ugovora, odnosno, u slu\u010daju da korisnik i\/ili kupac uskrati davanje bitnih podataka, usruga ne\u0107e biti u mogu\u0107nosti sklopiti ugovor i \/ili poduzeti pojedine radnje vezane uz izvr\u0161enje sklopljenog ugovora.<\/p>\n\n\n\n<p><strong>Organizacija nagradnih igara<\/strong><\/p>\n\n\n\n<p>BellaFiume povremeno organizira nagradne igre pa se podaci koriste za obavijesti o osvojenoj nagradi.<\/p>\n\n\n\n<p><strong>Izravna promid\u017eba (marketing)<\/strong><\/p>\n\n\n\n<p>Kontakt podaci korisnika i\/ili kupaca mogu se koristiti za slanje promid\u017ebenih obavijesti o proizvodima i uslugama BELLA FIUME D.O.O.&nbsp; ako je Kupac \u2013 Korisnik dao privolu.<\/p>\n\n\n\n<p><strong>Video zapisi<\/strong><\/p>\n\n\n\n<p>BELLA FIUME D.O.O. koristi nadzorne kamere za za za\u0161titu osoba i imovine.<\/p>\n\n\n\n<p><strong>Vremensko trajanje \u010duvanja osobnih podataka<\/strong><\/p>\n\n\n\n<p>Ovisno o svrsi i pravnoj osnovi temeljem koje je prikupljaju osobni podaci korisnika i\/ili kupaca, BELLA FIUME D.O.O. je u pojedinim slu\u010dajevima obvezno \u010duvati osobne podatke u vremenskom trajanju (razdoblju) koje za pojedinu svrhu propisuju mjerodavni propisi ili prestankom svrhe u koju su prikupljeni. Protekom zakonskog roka koji obvezuje BELLA FIUME D.O.O. na \u010duvanje pojedinih osobnih podataka ili prestankom svrhe isti se bri\u0161u.<\/p>\n\n\n\n<p>U slu\u010dajevima kada osnovu za prikupljanje i obradu podataka \u010dini privola korisnika i\/ili kupca, osobni podaci se \u010duvaju 10 godina.<\/p>\n\n\n\n<p>Podaci koji se obra\u0111uju temeljem privole korisnika i\/ili kupaca mogu se brisati i prije proteka roka navedenog u ovoj Politici, u slu\u010daju da takvo brisanje zahtijeva korisnik i\/ili kupac odnosno kada se korisnik i\/ili kupac usprotivi takvoj obradi pisano putem interneta preko objavljene e-mail adrese: INFO@BELLAFIUME.COM.<\/p>\n\n\n\n<p><strong>Na\u010dini ostvarivanja prava<\/strong><\/p>\n\n\n\n<p>Svoja prava ostvariti ukoliko smatra da je do\u0161lo do nepravilnosti u obradi njegovih osobnih podataka, putem kontakt podataka ili na mail INFO@BELLAFIUME.COM. Tako\u0111er, korisnik i\/ili kupac ima pravo na podno\u0161enje prigovora nacionalnom nadzornom tijelu.<\/p>\n\n\n\n<p>Pod kojim uvjetima i s kojim razlogom se osobni podaci proslje\u0111uju tre\u0107im osobama<\/p>\n\n\n\n<p>Osobne podatke Kupaca- Korisnika BELLA FIUME D.O.O. proslje\u0111uje tre\u0107im osobama (uklju\u010duju\u0107i nadle\u017ena tijela) u sljede\u0107im slu\u010dajevima:<\/p>\n\n\n\n<p>radi ispunjenja zakonskih obveza BELLA FIUME D.O.O. kada je takva obrada nu\u017ena radi za\u0161tite klju\u010dnih interesa Kupaca \u2013 Korisnika<\/p>\n\n\n\n<p>radi ispunjenja ugovorne obveze, izvr\u0161enja posla za ra\u010dun Kupca \u2013 Korisnika za koji je nu\u017eno anga\u017eirati tre\u0107u osobu \u2013 izvr\u0161itelja obrade<\/p>\n\n\n\n<p><strong>Obrada osobnih podataka u kontekstu zaposlenja<\/strong><\/p>\n\n\n\n<p>Osobni podaci radnika smiju se prikupljati, obra\u0111ivati, koristiti i dostavljati tre\u0107im osobama samo ako je to odre\u0111eno zakonom ili ako je to potrebno radi ostvarivanja prava i obveza iz radnog odnosa, odnosno u vezi s radnim odnosom.<\/p>\n\n\n\n<p>Voditelj obrade \u0107e radi ostvarivanja prava i obveza iz radnog odnosa prikupljati, obra\u0111ivati, koristiti i dostavljati tre\u0107im osobama samo one osobne podatke koji su nu\u017eni za navedenu svrhu, a te \u0107e podatke dostavljati samo na zahtjev sudova i drugih dr\u017eavnih ili javnih tijela.<\/p>\n\n\n\n<p><strong>GDPR i Kola\u010di\u0107i<\/strong><\/p>\n\n\n\n<p><strong>O ovoj politici kola\u010di\u0107a<\/strong><\/p>\n\n\n\n<p>Ova Pravila o kola\u010di\u0107ima obja\u0161njavaju \u0161to su kola\u010di\u0107i i kako ih koristimo, vrste kola\u010di\u0107a koje koristimo, tj. podatke koje prikupljamo&nbsp; pomo\u0107u kola\u010di\u0107a i kako se te informacije koriste i kako kontrolirati postavke kola\u010di\u0107a. Dodatne informacije o tome kako koristimo, pohranjujemo i \u010duvamo va\u0161e osobne podatke potra\u017eite u na\u0161im Pravilima o privatnosti.<\/p>\n\n\n\n<p>Mo\u017eete u bilo kojem trenutku promijeniti ili povu\u0107i svoj pristanak iz Izjave o kola\u010di\u0107ima na na\u0161oj web stranici<\/p>\n\n\n\n<p>Saznajte vi\u0161e o tome tko smo, kako nas mo\u017eete kontaktirati i kako obra\u0111ujemo osobne podatke u na\u0161im Pravilima o privatnosti.<\/p>\n\n\n\n<p>Va\u0161 pristanak odnosi se na sljede\u0107e domene: HTTPS:\/\/BELLAFIUME.COM\/<\/p>\n\n\n\n<p><strong>\u0160to su kola\u010di\u0107i?<\/strong><\/p>\n\n\n\n<p>Kola\u010di\u0107i su male tekstualne datoteke koje se koriste za pohranu malih podataka. Pohranjuju se na va\u0161em ure\u0111aju kada se web stranica u\u010dita u va\u0161 preglednik. Ovi nam kola\u010di\u0107i poma\u017eu da web mjesto pravilno funkcionira, u\u010dini ga sigurnijim, pru\u017ei bolje korisni\u010dko iskustvo i shvati kako web stranica funkcionira te da analiziramo \u0161to funkcionira i gdje treba pobolj\u0161ati.<\/p>\n\n\n\n<p>Kako koristimo kola\u010di\u0107e?<\/p>\n\n\n\n<p>Kao i ve\u0107ina internetskih usluga, na\u0161a web stranica koristi kola\u010di\u0107e prve i tre\u0107e strane u nekoliko svrha. Kola\u010di\u0107i prve strane uglavnom su potrebni da bi web stranica funkcionirala na ispravan na\u010din i oni ne prikupljaju nikakve va\u0161e osobne podatke.<\/p>\n\n\n\n<p>Kola\u010di\u0107i tre\u0107e strane koji se koriste na na\u0161oj web stranici uglavnom slu\u017ee kako bi se razumjelo kako web stranica funkcionira, kako komunicirate s na\u0161om web stranicom, kako biste za\u0161titili na\u0161e usluge, pru\u017eili oglase koji su za vas relevantni, a sve u svemu pru\u017eaju vam bolju te pobolj\u0161ano korisni\u010dko iskustvo i poma\u017eu vam ubrzati budu\u0107e interakcije s na\u0161im web mjestom.<\/p>\n\n\n\n<p>Koje vrste kola\u010di\u0107a koristimo?<\/p>\n\n\n\n<p>Osnovno: Neki su kola\u010di\u0107i neophodni da biste mogli iskusiti punu funkcionalnost na\u0161e web stranice. Omogu\u0107uju nam odr\u017eavanje korisni\u010dkih sesija i spre\u010davanje bilo kakvih sigurnosnih prijetnji. Ne prikupljaju i ne pohranjuju nikakve osobne podatke. Na primjer, ovi kola\u010di\u0107i omogu\u0107uju vam prijavu na svoj ra\u010dun i dodavanje proizvoda u ko\u0161aricu i sigurno pla\u0107anje.<\/p>\n\n\n\n<p>Statistika: Ovi kola\u010di\u0107i pohranjuju podatke poput broja posjetitelja web mjesta, broja jedinstvenih posjetitelja, koje su stranice web mjesta posje\u0107ene, izvor posjeta itd. Ti nam podaci poma\u017eu razumjeti i analizirati koliko je dobro web mjesto izvedeno i gdje ga treba pobolj\u0161ati.<\/p>\n\n\n\n<p>Marketing: Na\u0161a web stranica prikazuje oglase. Ovi se kola\u010di\u0107i koriste za personalizaciju oglasa koje vam prikazujemo tako da vam zna\u010de. Ovi kola\u010di\u0107i poma\u017eu nam i da pratimo u\u010dinkovitost ovih oglasnih kampanja.<\/p>\n\n\n\n<p>Informacije pohranjene u ovim kola\u010di\u0107ima tako\u0111er mogu koristiti nezavisni pru\u017eatelji oglasa za prikazivanje oglasa na drugim web mjestima u pregledniku.<\/p>\n\n\n\n<p>Funkcionalno: T To su kola\u010di\u0107i koji poma\u017eu odre\u0111enim nebitnim funkcijama na na\u0161oj web stranici. Te funkcionalnosti uklju\u010duju ugra\u0111ivanje sadr\u017eaja poput videozapisa ili dijeljenje sadr\u017eaja web stranice na platformama dru\u0161tvenih medija.<\/p>\n\n\n\n<p>Postavke: Ovi kola\u010di\u0107i poma\u017eu nam da pohranimo va\u0161e postavke i postavke pregledavanja poput jezi\u010dnih postavki kako biste imali bolje i u\u010dinkovitije iskustvo prilikom budu\u0107ih posjeta web mjestu .<\/p>\n\n\n\n<p>Kako mogu kontrolirati postavke kola\u010di\u0107a?<\/p>\n\n\n\n<p>Ako BellaFiume tijekom sesije pregledavanja odlu\u010dite promijeniti svoje postavke, na zaslonu mo\u017eete kliknuti karticu &#8220;Pravila o privatnosti i kola\u010di\u0107ima&#8221;. Ovo \u0107e ponovno prikazati obavijest o pristanku koja vam omogu\u0107uje da promijenite postavke ili u potpunosti povu\u010dete pristanak.<\/p>\n\n\n\n<p>Uz to, razli\u010diti preglednici nude razli\u010dite metode za blokiranje i brisanje kola\u010di\u0107a koje koriste web stranice. Mo\u017eete promijeniti postavke svog preglednika kako biste blokirali \/ izbrisali kola\u010di\u0107e. Da biste saznali vi\u0161e o upravljanju i brisanju kola\u010di\u0107a, posjetite wikipedia.org , www.allaboutcookies.org.<\/p>\n","protected":false},"excerpt":{"rendered":"<p>Politika o za\u0161titi privatnosti Sukladno Uredbi (EU) 2016\/679 Europskog parlamenta i vije\u0107a od 27. travnja 2016. o za\u0161titi pojedinaca u vezi s obradom osobnih podataka o slobodnom kretanju takvih podataka te o stavljanju izvan snage Direktive 95\/46\/EZ (Slu\u017ebeni list Europske unije L 119, 4.5.2016., str. 1., u daljnjem tekstu: Op\u0107a uredba o za\u0161titi podataka), koja [&hellip;]<\/p>\n","protected":false},"author":1,"featured_media":1867,"parent":0,"menu_order":0,"comment_status":"closed","ping_status":"closed","template":"","meta":{"inline_featured_image":false,"footnotes":""},"yst_prominent_words":[],"class_list":["post-1884","page","type-page","status-publish","has-post-thumbnail","hentry"],"_links":{"self":[{"href":"https:\/\/bellafiume.com\/hr\/wp-json\/wp\/v2\/pages\/1884","targetHints":{"allow":["GET"]}}],"collection":[{"href":"https:\/\/bellafiume.com\/hr\/wp-json\/wp\/v2\/pages"}],"about":[{"href":"https:\/\/bellafiume.com\/hr\/wp-json\/wp\/v2\/types\/page"}],"author":[{"embeddable":true,"href":"https:\/\/bellafiume.com\/hr\/wp-json\/wp\/v2\/users\/1"}],"replies":[{"embeddable":true,"href":"https:\/\/bellafiume.com\/hr\/wp-json\/wp\/v2\/comments?post=1884"}],"version-history":[{"count":2,"href":"https:\/\/bellafiume.com\/hr\/wp-json\/wp\/v2\/pages\/1884\/revisions"}],"predecessor-version":[{"id":1892,"href":"https:\/\/bellafiume.com\/hr\/wp-json\/wp\/v2\/pages\/1884\/revisions\/1892"}],"wp:featuredmedia":[{"embeddable":true,"href":"https:\/\/bellafiume.com\/hr\/wp-json\/wp\/v2\/media\/1867"}],"wp:attachment":[{"href":"https:\/\/bellafiume.com\/hr\/wp-json\/wp\/v2\/media?parent=1884"}],"wp:term":[{"taxonomy":"yst_prominent_words","embeddable":true,"href":"https:\/\/bellafiume.com\/hr\/wp-json\/wp\/v2\/yst_prominent_words?post=1884"}],"curies":[{"name":"wp","href":"https:\/\/api.w.org\/{rel}","templated":true}]}}