{"id":1876,"date":"2019-09-25T07:05:57","date_gmt":"2019-09-25T05:05:57","guid":{"rendered":"https:\/\/bellafiume.com\/frequently-asked-questions\/"},"modified":"2023-09-15T13:36:09","modified_gmt":"2023-09-15T11:36:09","slug":"cesta-pitanja","status":"publish","type":"page","link":"https:\/\/bellafiume.com\/hr\/cesta-pitanja\/","title":{"rendered":"\u010cesta pitanja"},"content":{"rendered":"\n<div class=\"wp-block-getwid-advanced-heading\"><h2 class=\"wp-block-getwid-advanced-heading__content\">Koje usluge nudi Bella Fiume?<\/h2><\/div>\n\n\n\n<p>Bella Fiume nudi sveobuhvatan paket usluga u vezi s nekretninama <strong>uklju\u010duju\u0107i prodaju, iznajmljivanje i upravljanje imovinom<\/strong>. Na\u0161e usluge upravljanja imovinom uklju\u010duju <strong>provjeru gostiju, upravljanje dostupno\u0161\u0107u, odr\u017eavanje i popravke imovine, redovite inspekcije imovine, financijska izvje\u0161\u0107a i pravnu pomo\u0107<\/strong>.<\/p>\n\n\n\n<div class=\"wp-block-buttons is-layout-flex wp-block-buttons-is-layout-flex\">\n<div class=\"wp-block-button\"><a class=\"wp-block-button__link wp-element-button\" href=\"https:\/\/bellafiume.com\/hr\/upravljanje-nekretninama\/\">Na\u0161e usluge<\/a><\/div>\n<\/div>\n\n\n\n<div class=\"wp-block-getwid-advanced-heading\"><h2 class=\"wp-block-getwid-advanced-heading__content\"><strong>Kako mogu po\u010deti raditi sa Bella Fiume?<\/strong><\/h2><\/div>\n\n\n\n<p>Lako je zapo\u010deti raditi s Bella Fiume! Obratite nam se <strong>putem kontakt obrasca, e-po\u0161te ili telefonskog poziva<\/strong>. Dogovoriti \u0107emo sastanak kako bismo razgovarali o va\u0161im potrebama i o tome kako na\u0161e usluge mogu najbolje podr\u017eati va\u0161e ciljeve.<\/p>\n\n\n\n<div class=\"wp-block-buttons is-layout-flex wp-block-buttons-is-layout-flex\">\n<div class=\"wp-block-button\"><a class=\"wp-block-button__link wp-element-button\" href=\"https:\/\/bellafiume.com\/hr\/zelite-raditi-s-nama\/\">Sura\u0111ujte s nama<\/a><\/div>\n<\/div>\n\n\n\n<div class=\"wp-block-getwid-advanced-heading\"><h2 class=\"wp-block-getwid-advanced-heading__content\"><strong>Koja je razlika izme\u0111u prodaje, najma i upravljanja nekretninama?<\/strong><\/h2><\/div>\n\n\n\n<p>Prodaja nekretnine <strong>uklju\u010duje marketing i prodaju va\u0161e nekretnine potencijalnim kupcima<\/strong>. Iznajmljivanje uklju\u010duje <strong>najam va\u0161e imovine za kratkoro\u010dni boravak<\/strong>, \u0161to vama osigurava stabilan prihod. Upravljanje imovinom obuhva\u0107a niz usluga osmi\u0161ljenih za brigu o svim aspektima upravljanja nekretninom za iznajmljivanje, <strong>uklju\u010duju\u0107i provjeru gostiju, odr\u017eavanje nekretnine, upravljanje rezervacijama i rje\u0161avanje svih pravnih i financijskih aspekata<\/strong>.<\/p>\n\n\n\n<div class=\"wp-block-buttons is-layout-flex wp-block-buttons-is-layout-flex\">\n<div class=\"wp-block-button\"><a class=\"wp-block-button__link wp-element-button\" href=\"https:\/\/bellafiume.com\/hr\/upravljanje-nekretninama\/#about-service\">Saznaj vi\u0161e<\/a><\/div>\n<\/div>\n\n\n\n<div class=\"wp-block-getwid-advanced-heading\"><h2 class=\"wp-block-getwid-advanced-heading__content\"><strong>\u0160to je provjera gostiju i za\u0161to je va\u017ena?<\/strong><\/h2><\/div>\n\n\n\n<p>Provjera gostiju je proces <strong>provjere identiteta i procjene pouzdanosti potencijalnih gostiju<\/strong>. Ovaj proces je va\u017ean kako bi se osiguralo da se va\u0161 posjed povjeri odgovornim gostima.<\/p>\n\n\n\n<div class=\"wp-block-buttons is-layout-flex wp-block-buttons-is-layout-flex\">\n<div class=\"wp-block-button\"><a class=\"wp-block-button__link wp-element-button\" href=\"https:\/\/bellafiume.com\/hr\/usluge\/provjera-gostiju\/\">Saznaj vi\u0161e o provjeri gostiju<\/a><\/div>\n<\/div>\n\n\n\n<div class=\"wp-block-getwid-advanced-heading\"><h2 class=\"wp-block-getwid-advanced-heading__content\"><strong>\u0160to uklju\u010duje upravljanje dostupno\u0161\u0107u?<\/strong><\/h2><\/div>\n\n\n\n<p>Upravljanje dostupno\u0161\u0107u uklju\u010duje <strong>upravljanje kalendarom rezervacija va\u0161e nekretnine kako biste maksimalno pove\u0107ali prihod od najma<\/strong>. Optimiziramo rezervacije i koordiniramo vrijeme prijave i odjave kako bismo gostima osigurali besprijekorno iskustvo.<\/p>\n\n\n\n<div class=\"wp-block-buttons is-layout-flex wp-block-buttons-is-layout-flex\">\n<div class=\"wp-block-button\"><a class=\"wp-block-button__link wp-element-button\" href=\"https:\/\/bellafiume.com\/hr\/usluge\/upravljanje-dostupnoscu\/\">Saznaj vi\u0161e o upravljanju dustupno\u0161\u0107u<\/a><\/div>\n<\/div>\n\n\n\n<div class=\"wp-block-getwid-advanced-heading\"><h2 class=\"wp-block-getwid-advanced-heading__content\"><strong>Koje su prednosti pregleda va\u0161e imovine?<\/strong><\/h2><\/div>\n\n\n\n<p>Na\u0161e redovite inspekcije imovine <strong>jam\u010de da je va\u0161a nekretnina dobro odr\u017eavana i u skladu sa standardima kvalitete<\/strong>. Ovi pregledi poma\u017eu kako bi na vrijeme prepoznali bilo kakve <strong>znakova o\u0161te\u0107enja ili istro\u0161enosti<\/strong> i time omogu\u0107ili brze popravke, osiguravaju\u0107i nastavak najma nekretnine. <\/p>\n\n\n\n<div class=\"wp-block-buttons is-layout-flex wp-block-buttons-is-layout-flex\">\n<div class=\"wp-block-button\"><a class=\"wp-block-button__link wp-element-button\" href=\"https:\/\/bellafiume.com\/hr\/usluge\/provjere-imovine\/\">Koji su benefiti pregleda nekretnina?<\/a><\/div>\n<\/div>\n\n\n\n<div class=\"wp-block-getwid-advanced-heading\"><h2 class=\"wp-block-getwid-advanced-heading__content\"><strong><strong>Kako Bella Fiume predstavlja financijska izvje\u0161\u0107a?<\/strong><\/strong><\/h2><\/div>\n\n\n\n<p>Bella Fiume pru\u017ea <strong>financijsko izvje\u0161\u0107e, daju\u0107i vam jasne, detaljne uvide u uspje\u0161nost i prihod va\u0161e nekretnine<\/strong>. Pratimo <strong>prihode, tro\u0161kove i sve druge financijske aspekte<\/strong> vezane uz va\u0161u nekretninu i pru\u017eamo redovita izvje\u0161\u0107a.<\/p>\n\n\n\n<div class=\"wp-block-buttons is-layout-flex wp-block-buttons-is-layout-flex\">\n<div class=\"wp-block-button\"><a class=\"wp-block-button__link wp-element-button\" href=\"https:\/\/bellafiume.com\/hr\/usluge\/financijsko-izvjescivanje\/\">Saznajte kako vam ide<\/a><\/div>\n<\/div>\n\n\n\n<div class=\"wp-block-getwid-advanced-heading\"><h2 class=\"wp-block-getwid-advanced-heading__content\"><strong><strong>\u0160to uklju\u010duje pravna pomo\u0107?<\/strong><\/strong><\/h2><\/div>\n\n\n\n<p>Na\u0161a slu\u017eba pravne pomo\u0107i <strong>poma\u017ee vam kod snala\u017eenju zakona o najmu<\/strong>. Nudimo stru\u010dno vodstvo o uskla\u0111enost sa svim zakonskim zahtjevima i ugovorima. Rje\u0161avamo sporove, <strong>osiguravaju\u0107i da je va\u0161 posao najma pravno valjan i siguran<\/strong>.<\/p>\n\n\n\n<div class=\"wp-block-buttons is-layout-flex wp-block-buttons-is-layout-flex\">\n<div class=\"wp-block-button\"><a class=\"wp-block-button__link wp-element-button\" href=\"https:\/\/bellafiume.com\/hr\/usluge\/pravna-pomoc\/\">Legalni dio iznajmljivanja<\/a><\/div>\n<\/div>\n\n\n\n<div class=\"wp-block-getwid-advanced-heading\"><h2 class=\"wp-block-getwid-advanced-heading__content\"><strong><strong><strong>Kako Bella Fiume osigurava odr\u017eavanje moje imovine?<\/strong><\/strong><\/strong><\/h2><\/div>\n\n\n\n<p>Koordiniramo i nadgledamo <strong>sve radove na odr\u017eavanju i popravcima, od rutinskih zadataka odr\u017eavanja do hitnih problema koji zahtijevaju pozornost<\/strong>. Sura\u0111ujemo s pouzdanim majstorima kako bismo osigurali da va\u0161 posjed ostane u besprijekornom stanju za svakog gosta.<\/p>\n\n\n\n<div class=\"wp-block-buttons is-layout-flex wp-block-buttons-is-layout-flex\">\n<div class=\"wp-block-button\"><a class=\"wp-block-button__link wp-element-button\" href=\"https:\/\/bellafiume.com\/hr\/usluge\/odrzavanje-i-popravci\/\">Kako funkcionira odra\u017eavanje nekretnine?<\/a><\/div>\n<\/div>\n","protected":false},"excerpt":{"rendered":"<p>Bella Fiume nudi sveobuhvatan paket usluga u vezi s nekretninama uklju\u010duju\u0107i prodaju, iznajmljivanje i upravljanje imovinom. Na\u0161e usluge upravljanja imovinom uklju\u010duju provjeru gostiju, upravljanje dostupno\u0161\u0107u, odr\u017eavanje i popravke imovine, redovite inspekcije imovine, financijska izvje\u0161\u0107a i pravnu pomo\u0107. Lako je zapo\u010deti raditi s Bella Fiume! Obratite nam se putem kontakt obrasca, e-po\u0161te ili telefonskog poziva. Dogovoriti [&hellip;]<\/p>\n","protected":false},"author":1,"featured_media":1867,"parent":0,"menu_order":0,"comment_status":"closed","ping_status":"closed","template":"","meta":{"inline_featured_image":false,"footnotes":""},"yst_prominent_words":[],"class_list":["post-1876","page","type-page","status-publish","has-post-thumbnail","hentry"],"_links":{"self":[{"href":"https:\/\/bellafiume.com\/hr\/wp-json\/wp\/v2\/pages\/1876","targetHints":{"allow":["GET"]}}],"collection":[{"href":"https:\/\/bellafiume.com\/hr\/wp-json\/wp\/v2\/pages"}],"about":[{"href":"https:\/\/bellafiume.com\/hr\/wp-json\/wp\/v2\/types\/page"}],"author":[{"embeddable":true,"href":"https:\/\/bellafiume.com\/hr\/wp-json\/wp\/v2\/users\/1"}],"replies":[{"embeddable":true,"href":"https:\/\/bellafiume.com\/hr\/wp-json\/wp\/v2\/comments?post=1876"}],"version-history":[{"count":11,"href":"https:\/\/bellafiume.com\/hr\/wp-json\/wp\/v2\/pages\/1876\/revisions"}],"predecessor-version":[{"id":2052,"href":"https:\/\/bellafiume.com\/hr\/wp-json\/wp\/v2\/pages\/1876\/revisions\/2052"}],"wp:featuredmedia":[{"embeddable":true,"href":"https:\/\/bellafiume.com\/hr\/wp-json\/wp\/v2\/media\/1867"}],"wp:attachment":[{"href":"https:\/\/bellafiume.com\/hr\/wp-json\/wp\/v2\/media?parent=1876"}],"wp:term":[{"taxonomy":"yst_prominent_words","embeddable":true,"href":"https:\/\/bellafiume.com\/hr\/wp-json\/wp\/v2\/yst_prominent_words?post=1876"}],"curies":[{"name":"wp","href":"https:\/\/api.w.org\/{rel}","templated":true}]}}