{"id":1869,"date":"2019-08-20T06:51:23","date_gmt":"2019-08-20T04:51:23","guid":{"rendered":"https:\/\/bellafiume.com\/bella-fiume\/"},"modified":"2023-09-21T09:42:39","modified_gmt":"2023-09-21T07:42:39","slug":"bella-fiume","status":"publish","type":"page","link":"https:\/\/bellafiume.com\/hr\/","title":{"rendered":"Bella Fiume"},"content":{"rendered":"\n<div class=\"wp-block-getwid-section alignfull alignfull getwid-margin-top-none getwid-margin-bottom-none getwid-section-content-full-width\"><div class=\"wp-block-getwid-section__wrapper getwid-padding-top-normal getwid-padding-left-normal getwid-padding-right-normal getwid-padding-mobile-left-small getwid-padding-mobile-right-small getwid-align-items-flex-end\" style=\"min-height:100vh;padding-bottom:150px\"><div class=\"wp-block-getwid-section__inner-wrapper\"><div class=\"wp-block-getwid-section__background-holder\"><div class=\"wp-block-getwid-section__background\"><div class=\"wp-block-getwid-section__background-slider-wrapper\"><div class=\"wp-block-getwid-section__background-slider\" data-autoplay=\"true\" data-autoplay-speed=\"6000\" data-slide-effect=\"fade\" data-slide-speed=\"2500\" data-infinite=\"true\"><div class=\"wp-block-getwid-section__background-slider-item\"><img loading=\"lazy\" decoding=\"async\" width=\"1920\" height=\"1280\" src=\"https:\/\/bellafiume.com\/wp-content\/uploads\/2023\/02\/Bella-Fiume-Landing-page.jpg\" class=\"wp-image-1205\" alt=\"\" data-id=\"1205\" srcset=\"https:\/\/bellafiume.com\/wp-content\/uploads\/2023\/02\/Bella-Fiume-Landing-page.jpg 1920w, https:\/\/bellafiume.com\/wp-content\/uploads\/2023\/02\/Bella-Fiume-Landing-page-300x200.jpg 300w, https:\/\/bellafiume.com\/wp-content\/uploads\/2023\/02\/Bella-Fiume-Landing-page-1024x683.jpg 1024w, https:\/\/bellafiume.com\/wp-content\/uploads\/2023\/02\/Bella-Fiume-Landing-page-768x512.jpg 768w, https:\/\/bellafiume.com\/wp-content\/uploads\/2023\/02\/Bella-Fiume-Landing-page-1536x1024.jpg 1536w, https:\/\/bellafiume.com\/wp-content\/uploads\/2023\/02\/Bella-Fiume-Landing-page-892x595.jpg 892w, https:\/\/bellafiume.com\/wp-content\/uploads\/2023\/02\/Bella-Fiume-Landing-page-1350x900.jpg 1350w\" sizes=\"auto, (max-width: 1920px) 100vw, 1920px\" \/><\/div><div class=\"wp-block-getwid-section__background-slider-item\"><img loading=\"lazy\" decoding=\"async\" width=\"1920\" height=\"1280\" src=\"https:\/\/bellafiume.com\/wp-content\/uploads\/2019\/08\/Bella-Fiume-img-06.jpg\" class=\"wp-image-1228\" alt=\"\" data-id=\"1228\" srcset=\"https:\/\/bellafiume.com\/wp-content\/uploads\/2019\/08\/Bella-Fiume-img-06.jpg 1920w, https:\/\/bellafiume.com\/wp-content\/uploads\/2019\/08\/Bella-Fiume-img-06-300x200.jpg 300w, https:\/\/bellafiume.com\/wp-content\/uploads\/2019\/08\/Bella-Fiume-img-06-1024x683.jpg 1024w, https:\/\/bellafiume.com\/wp-content\/uploads\/2019\/08\/Bella-Fiume-img-06-768x512.jpg 768w, https:\/\/bellafiume.com\/wp-content\/uploads\/2019\/08\/Bella-Fiume-img-06-1536x1024.jpg 1536w, https:\/\/bellafiume.com\/wp-content\/uploads\/2019\/08\/Bella-Fiume-img-06-892x595.jpg 892w, https:\/\/bellafiume.com\/wp-content\/uploads\/2019\/08\/Bella-Fiume-img-06-1350x900.jpg 1350w\" sizes=\"auto, (max-width: 1920px) 100vw, 1920px\" \/><\/div><div class=\"wp-block-getwid-section__background-slider-item\"><img loading=\"lazy\" decoding=\"async\" width=\"1920\" height=\"1280\" src=\"https:\/\/bellafiume.com\/wp-content\/uploads\/2023\/02\/Otok-Krk-02.jpg\" class=\"wp-image-1293\" alt=\"\" data-id=\"1293\" srcset=\"https:\/\/bellafiume.com\/wp-content\/uploads\/2023\/02\/Otok-Krk-02.jpg 1920w, https:\/\/bellafiume.com\/wp-content\/uploads\/2023\/02\/Otok-Krk-02-300x200.jpg 300w, https:\/\/bellafiume.com\/wp-content\/uploads\/2023\/02\/Otok-Krk-02-1024x683.jpg 1024w, https:\/\/bellafiume.com\/wp-content\/uploads\/2023\/02\/Otok-Krk-02-768x512.jpg 768w, https:\/\/bellafiume.com\/wp-content\/uploads\/2023\/02\/Otok-Krk-02-1536x1024.jpg 1536w, https:\/\/bellafiume.com\/wp-content\/uploads\/2023\/02\/Otok-Krk-02-892x595.jpg 892w, https:\/\/bellafiume.com\/wp-content\/uploads\/2023\/02\/Otok-Krk-02-1350x900.jpg 1350w\" sizes=\"auto, (max-width: 1920px) 100vw, 1920px\" \/><\/div><\/div><\/div><\/div><div class=\"wp-block-getwid-section__foreground\" style=\"opacity:0.5;background-color:#252e59;mix-blend-mode:multiply\"><\/div><\/div><div class=\"wp-block-getwid-section__content\"><div class=\"wp-block-getwid-section__inner-content\">\n<div class=\"wp-block-getwid-advanced-heading is-style-with-shadow has-custom-font-size\" style=\"font-size:16px\"><span class=\"wp-block-getwid-advanced-heading__content has-text-color has-white-color\" style=\"font-weight:normal\">Prepustite i sitno i bitno u na\u0161e ruke <\/span><\/div>\n\n\n\n<div class=\"wp-block-getwid-advanced-heading is-style-with-shadow has-custom-font-size\" style=\"font-size:39px;margin-bottom:20px\"><h2 class=\"wp-block-getwid-advanced-heading__content has-text-color has-white-color\">Dobrodo\u0161li na Bella Fiume<\/h2><\/div>\n<\/div><\/div><\/div><\/div><\/div>\n\n\n\n<div class=\"wp-block-getwid-section alignfull alignfull getwid-margin-top-none\" style=\"margin-bottom:20px\"><div class=\"wp-block-getwid-section__wrapper getwid-padding-left-normal getwid-padding-right-normal getwid-padding-mobile-left-small getwid-padding-mobile-right-small\" style=\"padding-top:100px;padding-bottom:10px\"><div class=\"wp-block-getwid-section__inner-wrapper\"><div class=\"wp-block-getwid-section__background-holder\"><div class=\"wp-block-getwid-section__background\"><\/div><div class=\"wp-block-getwid-section__foreground\"><\/div><\/div><div class=\"wp-block-getwid-section__content\"><div class=\"wp-block-getwid-section__inner-content\">\n<div class=\"wp-block-columns has-2-columns is-layout-flex wp-container-core-columns-is-layout-9d6595d7 wp-block-columns-is-layout-flex\">\n<div class=\"wp-block-column is-layout-flow wp-block-column-is-layout-flow\">\n<div class=\"wp-block-getwid-advanced-heading\" style=\"margin-bottom:5px\"><h2 class=\"wp-block-getwid-advanced-heading__content\">Novi na\u010din upravljanja va\u0161om nekretninom<\/h2><\/div>\n\n\n\n<div class=\"wp-block-getwid-advanced-heading\"><span class=\"wp-block-getwid-advanced-heading__content\">Bella Fiume pomo\u0107i \u0107e vam u <strong>upravljanju, iznajmljivanju ili prodaji va\u0161eg smje\u0161taja<\/strong>. Recite nam \u0161to o\u010dekujete od nas, a mi \u0107emo se <strong>pobrinuti za rezultate<\/strong>.<\/span><\/div>\n<\/div>\n\n\n\n<div class=\"wp-block-column is-layout-flow wp-block-column-is-layout-flow\"><\/div>\n<\/div>\n\n\n\n<div class=\"wp-block-getwid-advanced-spacer\" style=\"height:15px\" aria-hidden=\"true\"><\/div>\n\n\n\n<div class=\"wp-block-columns has-4-columns is-layout-flex wp-container-core-columns-is-layout-9d6595d7 wp-block-columns-is-layout-flex\">\n<div class=\"wp-block-column is-layout-flow wp-block-column-is-layout-flow\">\n<div class=\"wp-block-getwid-banner has-foreground-undefined is-style-shadow-bottom has-animation-style4 has-vertical-alignment-bottom has-horizontal-alignment-left\"><a href=\"https:\/\/sale.bellafiume.com\/hr\" class=\"wp-block-getwid-banner__link\"><div class=\"wp-block-getwid-banner__wrapper\"><img decoding=\"async\" src=\"https:\/\/bellafiume.com\/wp-content\/uploads\/2023\/02\/Opatija-1.jpg\" alt=\"\" class=\"wp-block-getwid-banner__image wp-block-getwid-banner__source wp-image-215\"\/><div class=\"wp-block-getwid-banner__caption\" style=\"min-height:385px\"><div class=\"wp-block-getwid-banner__caption-wrapper\"><span class=\"wp-block-getwid-banner__title\">Prodajete nekretninu?<\/span><p class=\"wp-block-getwid-banner__text\">Poma\u017eemo vam pri prodaji va\u0161e nekretnine<\/p><\/div><\/div><\/div><\/a><\/div>\n<\/div>\n\n\n\n<div class=\"wp-block-column is-layout-flow wp-block-column-is-layout-flow\">\n<div class=\"wp-block-getwid-banner is-style-shadow-bottom has-foreground-undefined has-animation-style4 has-vertical-alignment-bottom has-horizontal-alignment-left\"><a href=\"https:\/\/rent.bellafiume.com\/hr\" class=\"wp-block-getwid-banner__link\"><div class=\"wp-block-getwid-banner__wrapper\"><img decoding=\"async\" src=\"https:\/\/bellafiume.com\/wp-content\/uploads\/2023\/02\/Rijeka.jpg\" alt=\"\" class=\"wp-block-getwid-banner__image wp-block-getwid-banner__source wp-image-217\"\/><div class=\"wp-block-getwid-banner__caption\" style=\"min-height:385px\"><div class=\"wp-block-getwid-banner__caption-wrapper\"><span class=\"wp-block-getwid-banner__title\">Iznajmljujete apartmane?<\/span><p class=\"wp-block-getwid-banner__text\">Prona\u0107i \u0107emo va\u0161e savr\u0161ene goste<\/p><\/div><\/div><\/div><\/a><\/div>\n<\/div>\n\n\n\n<div class=\"wp-block-column is-layout-flow wp-block-column-is-layout-flow\">\n<div class=\"wp-block-getwid-banner is-style-shadow-bottom has-foreground-undefined has-animation-style4 has-vertical-alignment-bottom has-horizontal-alignment-left\"><a href=\"https:\/\/bellafiume.com\/hr\/upravljanje-nekretninama\/\" class=\"wp-block-getwid-banner__link\"><div class=\"wp-block-getwid-banner__wrapper\"><img decoding=\"async\" src=\"https:\/\/bellafiume.com\/wp-content\/uploads\/2023\/02\/Crikvenica01.jpg\" alt=\"\" class=\"wp-block-getwid-banner__image wp-block-getwid-banner__source wp-image-214\"\/><div class=\"wp-block-getwid-banner__caption\" style=\"min-height:385px\"><div class=\"wp-block-getwid-banner__caption-wrapper\"><span class=\"wp-block-getwid-banner__title\">Tra\u017eite agenciju za vo\u0111enje va\u0161eg smje\u0161taja?<\/span><p class=\"wp-block-getwid-banner__text\">Brinemo se za kvalitetu i odr\u017eavanje va\u0161eg smje\u0161taja<\/p><\/div><\/div><\/div><\/a><\/div>\n<\/div>\n<\/div>\n\n\n\n<div style=\"height:150px\" aria-hidden=\"true\" class=\"wp-block-spacer\"><\/div>\n\n\n\n<div class=\"wp-block-columns has-2-columns is-layout-flex wp-container-core-columns-is-layout-9d6595d7 wp-block-columns-is-layout-flex\">\n<div class=\"wp-block-column is-layout-flow wp-block-column-is-layout-flow\">\n<div class=\"wp-block-getwid-advanced-heading\" style=\"margin-bottom:5px\"><h2 class=\"wp-block-getwid-advanced-heading__content\">Novi na\u010din upravljanja nekretninama<\/h2><\/div>\n\n\n\n<div class=\"wp-block-getwid-advanced-heading\"><span class=\"wp-block-getwid-advanced-heading__content\">Bella Fiume pomo\u0107i \u0107e vam u <strong>upravljanju, iznajmljivanju ili prodaji va\u0161eg smje\u0161taja<\/strong>. Recite nam \u0161to \u010dekujete od nas, mi \u0107emo se pobrinuti za ostalo.<\/span><\/div>\n\n\n\n<div class=\"wp-block-getwid-section is-style-with-shadow\" style=\"margin-top:0px\"><div class=\"wp-block-getwid-section__wrapper getwid-padding-top-small getwid-padding-bottom-small getwid-padding-left-small getwid-padding-right-small\"><div class=\"wp-block-getwid-section__inner-wrapper\"><div class=\"wp-block-getwid-section__background-holder\"><div class=\"wp-block-getwid-section__background has-background has-white-background-color\"><\/div><div class=\"wp-block-getwid-section__foreground\"><\/div><\/div><div class=\"wp-block-getwid-section__content\"><div class=\"wp-block-getwid-section__inner-content\">\n<div class=\"wp-block-getwid-image-box has-text-center has-mobile-layout-default has-mobile-alignment-default\"><div style=\"margin-bottom:30px\" class=\"wp-block-getwid-image-box__image-container is-position-top\"><div class=\"wp-block-getwid-image-box__image-wrapper\"><img loading=\"lazy\" decoding=\"async\" width=\"66\" height=\"64\" src=\"https:\/\/bellafiume.com\/wp-content\/uploads\/2019\/09\/list-your-property1.png\" alt=\"\" class=\"wp-block-getwid-image-box__image wp-image-838\"\/><\/div><\/div><div class=\"wp-block-getwid-image-box__content\">\n<div class=\"wp-block-getwid-advanced-heading\" style=\"margin-bottom:10px\"><h4 class=\"wp-block-getwid-advanced-heading__content\">Upravljanje, iznajmljivanje ili prodaja va\u0161ih nekretnina<\/h4><\/div>\n\n\n\n<p>Ostvarite <strong>najbolju cijenu prodajom nekretnina<\/strong> i <strong>zaboravite na probleme<\/strong> kod odr\u017eavanja nekretnine i komunikacije s gostima<\/p>\n<\/div><\/div>\n<\/div><\/div><\/div><\/div><\/div>\n\n\n\n<div class=\"wp-block-getwid-section is-style-with-shadow\"><div class=\"wp-block-getwid-section__wrapper getwid-padding-top-small getwid-padding-bottom-small getwid-padding-left-small getwid-padding-right-small\"><div class=\"wp-block-getwid-section__inner-wrapper\"><div class=\"wp-block-getwid-section__background-holder\"><div class=\"wp-block-getwid-section__background has-background has-white-background-color\"><\/div><div class=\"wp-block-getwid-section__foreground\"><\/div><\/div><div class=\"wp-block-getwid-section__content\"><div class=\"wp-block-getwid-section__inner-content\">\n<div class=\"wp-block-getwid-image-box has-text-center has-mobile-layout-default has-mobile-alignment-default\"><div style=\"margin-bottom:30px\" class=\"wp-block-getwid-image-box__image-container is-position-top\"><div class=\"wp-block-getwid-image-box__image-wrapper\"><img loading=\"lazy\" decoding=\"async\" width=\"64\" height=\"64\" src=\"https:\/\/bellafiume.com\/wp-content\/uploads\/2019\/09\/book-with-confidence1.png\" alt=\"\" class=\"wp-block-getwid-image-box__image wp-image-840\"\/><\/div><\/div><div class=\"wp-block-getwid-image-box__content\">\n<div class=\"wp-block-getwid-advanced-heading\" style=\"margin-bottom:10px\"><h4 class=\"wp-block-getwid-advanced-heading__content\">Sre\u0111ivanje papirologije i pravne strane stvari<\/h4><\/div>\n\n\n\n<p>Rukovanje razli\u010ditim dokumentima i pravnim postupcima potrebno je za nesmetano poslovanje, upravo zato taj dio odra\u0111ujemo mi, za vas.<\/p>\n<\/div><\/div>\n<\/div><\/div><\/div><\/div><\/div>\n\n\n\n<div class=\"wp-block-getwid-section is-style-with-shadow\"><div class=\"wp-block-getwid-section__wrapper getwid-padding-top-small getwid-padding-bottom-small getwid-padding-left-small getwid-padding-right-small\"><div class=\"wp-block-getwid-section__inner-wrapper\"><div class=\"wp-block-getwid-section__background-holder\"><div class=\"wp-block-getwid-section__background has-background has-white-background-color\"><\/div><div class=\"wp-block-getwid-section__foreground\"><\/div><\/div><div class=\"wp-block-getwid-section__content\"><div class=\"wp-block-getwid-section__inner-content\">\n<div class=\"wp-block-getwid-image-box has-text-center has-mobile-layout-default has-mobile-alignment-default\"><div style=\"margin-bottom:30px\" class=\"wp-block-getwid-image-box__image-container is-position-top\"><div class=\"wp-block-getwid-image-box__image-wrapper\"><img loading=\"lazy\" decoding=\"async\" width=\"66\" height=\"64\" src=\"https:\/\/bellafiume.com\/wp-content\/uploads\/2019\/09\/trustsafety1.png\" alt=\"\" class=\"wp-block-getwid-image-box__image wp-image-841\"\/><\/div><\/div><div class=\"wp-block-getwid-image-box__content\">\n<div class=\"wp-block-getwid-advanced-heading\" style=\"margin-bottom:10px\"><h4 class=\"wp-block-getwid-advanced-heading__content\">Povjerenje i sigurnost kod svakog koraka<\/h4><\/div>\n\n\n\n<p>Prilago\u0111avamo svoj pristup svakoj nekretnini i klijentu, osiguravaju\u0107i optimalne rezultate i va\u0161e zadovoljstvo.<\/p>\n<\/div><\/div>\n<\/div><\/div><\/div><\/div><\/div>\n<\/div>\n\n\n\n<div class=\"wp-block-column is-vertically-aligned-center is-layout-flow wp-block-column-is-layout-flow\">\n<div class=\"wp-block-getwid-images-stack is-layout-zeta\"><div class=\"wp-block-getwid-images-stack__wrapper\"><div class=\"wp-block-getwid-images-stack__chunk\"><div class=\"wp-block-getwid-images-stack__media-wrapper\"><div class=\"wp-block-getwid-images-stack__media-inner-wrapper\"><img loading=\"lazy\" decoding=\"async\" width=\"892\" height=\"892\" class=\"wp-block-getwid-images-stack__media wp-image-530\" src=\"https:\/\/bellafiume.com\/wp-content\/uploads\/2019\/08\/italy-2-1.jpg\" alt=\"\" data-id=\"530\" data-link=\"https:\/\/themes.getmotopress.com\/booklium-default\/accommodation\/summer-villa-alexandria\/italy-2-1\/\" srcset=\"https:\/\/bellafiume.com\/wp-content\/uploads\/2019\/08\/italy-2-1.jpg 892w, https:\/\/bellafiume.com\/wp-content\/uploads\/2019\/08\/italy-2-1-300x300.jpg 300w, https:\/\/bellafiume.com\/wp-content\/uploads\/2019\/08\/italy-2-1-150x150.jpg 150w, https:\/\/bellafiume.com\/wp-content\/uploads\/2019\/08\/italy-2-1-768x768.jpg 768w\" sizes=\"auto, (max-width: 892px) 100vw, 892px\" \/><\/div><\/div><div class=\"wp-block-getwid-images-stack__media-wrapper\"><div class=\"wp-block-getwid-images-stack__media-inner-wrapper\"><img loading=\"lazy\" decoding=\"async\" width=\"1350\" height=\"735\" class=\"wp-block-getwid-images-stack__media wp-image-556\" src=\"https:\/\/bellafiume.com\/wp-content\/uploads\/2019\/09\/amenities.jpg\" alt=\"\" data-id=\"556\" data-link=\"https:\/\/themes.getmotopress.com\/booklium-default\/amenities\/amenities-2\/\" srcset=\"https:\/\/bellafiume.com\/wp-content\/uploads\/2019\/09\/amenities.jpg 1350w, https:\/\/bellafiume.com\/wp-content\/uploads\/2019\/09\/amenities-300x163.jpg 300w, https:\/\/bellafiume.com\/wp-content\/uploads\/2019\/09\/amenities-1024x558.jpg 1024w, https:\/\/bellafiume.com\/wp-content\/uploads\/2019\/09\/amenities-768x418.jpg 768w, https:\/\/bellafiume.com\/wp-content\/uploads\/2019\/09\/amenities-892x486.jpg 892w\" sizes=\"auto, (max-width: 1350px) 100vw, 1350px\" \/><\/div><\/div><div class=\"wp-block-getwid-images-stack__media-wrapper\"><div class=\"wp-block-getwid-images-stack__media-inner-wrapper\"><img loading=\"lazy\" decoding=\"async\" width=\"892\" height=\"892\" class=\"wp-block-getwid-images-stack__media wp-image-557\" src=\"https:\/\/bellafiume.com\/wp-content\/uploads\/2019\/09\/swimming-pool.jpg\" alt=\"\" data-id=\"557\" data-link=\"https:\/\/themes.getmotopress.com\/booklium-default\/amenities\/swimming-pool\/\" srcset=\"https:\/\/bellafiume.com\/wp-content\/uploads\/2019\/09\/swimming-pool.jpg 892w, https:\/\/bellafiume.com\/wp-content\/uploads\/2019\/09\/swimming-pool-300x300.jpg 300w, https:\/\/bellafiume.com\/wp-content\/uploads\/2019\/09\/swimming-pool-150x150.jpg 150w, https:\/\/bellafiume.com\/wp-content\/uploads\/2019\/09\/swimming-pool-768x768.jpg 768w\" sizes=\"auto, (max-width: 892px) 100vw, 892px\" \/><\/div><\/div><\/div><\/div><\/div>\n\n\n\n<div class=\"wp-block-buttons alignfull is-content-justification-left is-layout-flex wp-container-core-buttons-is-layout-fdcfc74e wp-block-buttons-is-layout-flex\">\n<div class=\"wp-block-button aligncenter btn-home-1\"><a class=\"wp-block-button__link wp-element-button\" href=\"https:\/\/bellafiume.com\/hr\/upravljanje-nekretninama\/\">Na\u0161e usluge<\/a><\/div>\n<\/div>\n<\/div>\n<\/div>\n\n\n\n<div style=\"height:150px\" aria-hidden=\"true\" class=\"wp-block-spacer desktop\"><\/div>\n\n\n\n<div style=\"height:50px\" aria-hidden=\"true\" class=\"wp-block-spacer mobile\"><\/div>\n\n\n\n<div class=\"wp-block-getwid-section\" style=\"margin-bottom:50px\"><div class=\"wp-block-getwid-section__wrapper getwid-padding-top-none getwid-padding-bottom-none getwid-padding-left-none getwid-padding-right-none\"><div class=\"wp-block-getwid-section__inner-wrapper\"><div class=\"wp-block-getwid-section__background-holder\"><div class=\"wp-block-getwid-section__background\"><\/div><div class=\"wp-block-getwid-section__foreground\"><\/div><\/div><div class=\"wp-block-getwid-section__content\"><div class=\"wp-block-getwid-section__inner-content\"><\/div><\/div><\/div><\/div><\/div>\n\n\n\n<div class=\"wp-block-columns has-2-columns is-layout-flex wp-container-core-columns-is-layout-9d6595d7 wp-block-columns-is-layout-flex\">\n<div class=\"wp-block-column is-layout-flow wp-block-column-is-layout-flow\">\n<div class=\"wp-block-getwid-advanced-heading\" style=\"margin-bottom:40px\"><h2 class=\"wp-block-getwid-advanced-heading__content\">Uz na\u0161u pomo\u0107 podignite svoje <br>poslovanje na profesionalnu razinu<\/h2><\/div>\n\n\n\n<div class=\"wp-block-button alignleft\"><a class=\"wp-block-button__link wp-element-button\" href=\"https:\/\/bellafiume.com\/hr\/zelite-raditi-s-nama\/\">\u017delite raditi s nama?<\/a><\/div>\n\n\n\n<div class=\"wp-block-getwid-advanced-spacer getwid-hide-desktop getwid-hide-tablet\" style=\"height:10px\" aria-hidden=\"true\"><\/div>\n<\/div>\n\n\n\n<div class=\"wp-block-column is-layout-flow wp-block-column-is-layout-flow\">\n<p>Jeste li vlasnik nekretnine koji <strong>\u017eeli maksimalno pove\u0107ati svoj prihod od najma i pove\u0107ati vidljivost va\u0161eg smje\u0161taja<\/strong>? Mo\u017eda vam treba netko tko <strong>\u0107e voditi va\u0161 posao iznajmljivanja<\/strong>?<\/p>\n\n\n\n<p>Pridru\u017eite nam se i <strong>prepustite nam brigu oko upravljanja i iznajmljivanja va\u0161eg smje\u0161taja<\/strong>. Specijalizirani smo za predstavljanje najboljeg smje\u0161taja na Kvarneru putnicima diljem svijeta, osiguravaju\u0107i da va\u0161 smje\u0161taj vidi prava publika. Sura\u0111uju\u0107i s nama, u\u017eivat \u0107ete u <strong>upravljanju imovinom bez muke, ve\u0107oj stopi popunjenosti i rastu\u0107em prihodu<\/strong>.<\/p>\n<\/div>\n<\/div>\n<\/div><\/div><\/div><\/div><\/div>\n","protected":false},"excerpt":{"rendered":"","protected":false},"author":1,"featured_media":1867,"parent":0,"menu_order":0,"comment_status":"closed","ping_status":"closed","template":"template-canvas-page.php","meta":{"inline_featured_image":false,"footnotes":""},"yst_prominent_words":[],"class_list":["post-1869","page","type-page","status-publish","has-post-thumbnail","hentry"],"_links":{"self":[{"href":"https:\/\/bellafiume.com\/hr\/wp-json\/wp\/v2\/pages\/1869","targetHints":{"allow":["GET"]}}],"collection":[{"href":"https:\/\/bellafiume.com\/hr\/wp-json\/wp\/v2\/pages"}],"about":[{"href":"https:\/\/bellafiume.com\/hr\/wp-json\/wp\/v2\/types\/page"}],"author":[{"embeddable":true,"href":"https:\/\/bellafiume.com\/hr\/wp-json\/wp\/v2\/users\/1"}],"replies":[{"embeddable":true,"href":"https:\/\/bellafiume.com\/hr\/wp-json\/wp\/v2\/comments?post=1869"}],"version-history":[{"count":7,"href":"https:\/\/bellafiume.com\/hr\/wp-json\/wp\/v2\/pages\/1869\/revisions"}],"predecessor-version":[{"id":2053,"href":"https:\/\/bellafiume.com\/hr\/wp-json\/wp\/v2\/pages\/1869\/revisions\/2053"}],"wp:featuredmedia":[{"embeddable":true,"href":"https:\/\/bellafiume.com\/hr\/wp-json\/wp\/v2\/media\/1867"}],"wp:attachment":[{"href":"https:\/\/bellafiume.com\/hr\/wp-json\/wp\/v2\/media?parent=1869"}],"wp:term":[{"taxonomy":"yst_prominent_words","embeddable":true,"href":"https:\/\/bellafiume.com\/hr\/wp-json\/wp\/v2\/yst_prominent_words?post=1869"}],"curies":[{"name":"wp","href":"https:\/\/api.w.org\/{rel}","templated":true}]}}